{"id":1446,"date":"2026-03-29T17:06:05","date_gmt":"2026-03-29T15:06:05","guid":{"rendered":"https:\/\/congresomsp.com\/entradas\/"},"modified":"2026-04-02T16:45:38","modified_gmt":"2026-04-02T14:45:38","slug":"entrades","status":"publish","type":"page","link":"https:\/\/congresomsp.com\/va\/entrades\/","title":{"rendered":"Reserva d&#8217;Entrades"},"content":{"rendered":"\t\t<div data-elementor-type=\"wp-page\" data-elementor-id=\"1446\" class=\"elementor elementor-1446 elementor-581\" data-elementor-post-type=\"page\">\n\t\t\t\t<div class=\"elementor-element elementor-element-808e055 cabecera-principal e-flex e-con-boxed e-con e-parent\" data-id=\"808e055\" data-element_type=\"container\" data-e-type=\"container\" data-settings=\"{&quot;background_background&quot;:&quot;classic&quot;}\">\n\t\t\t\t\t<div class=\"e-con-inner\">\n\t\t<div class=\"elementor-element elementor-element-9dcb101 e-con-full titulo-cabecera e-flex e-con e-child\" data-id=\"9dcb101\" data-element_type=\"container\" data-e-type=\"container\">\n\t\t\t\t<div class=\"elementor-element elementor-element-a0ed5f0 elementor-widget elementor-widget-heading\" data-id=\"a0ed5f0\" data-element_type=\"widget\" data-e-type=\"widget\" data-widget_type=\"heading.default\">\n\t\t\t\t\t<h1 class=\"elementor-heading-title elementor-size-default\">Reserva d'Entrades<\/h1>\t\t\t\t<\/div>\n\t\t\t\t<div class=\"elementor-element elementor-element-c023d58 elementor-absolute elementor-widget elementor-widget-image\" data-id=\"c023d58\" data-element_type=\"widget\" data-e-type=\"widget\" data-settings=\"{&quot;_position&quot;:&quot;absolute&quot;}\" data-widget_type=\"image.default\">\n\t\t\t\t\t\t\t\t\t\t\t\t\t\t\t<img decoding=\"async\" src=\"https:\/\/congresomsp.com\/wp-content\/uploads\/2026\/03\/Congreso-MSP-Bolas.png\" title=\"Congreso MSP &#8211; Bolas\" alt=\"Congreso MSP - Bolas\" loading=\"lazy\" \/>\t\t\t\t\t\t\t\t\t\t\t\t\t\t\t<\/div>\n\t\t\t\t<div class=\"elementor-element elementor-element-d49c899 subtitulo-cabecera elementor-widget elementor-widget-heading\" data-id=\"d49c899\" data-element_type=\"widget\" data-e-type=\"widget\" data-widget_type=\"heading.default\">\n\t\t\t\t\t<div class=\"elementor-heading-title elementor-size-default\">VIII Congr\u00e9s D\u00f2nes en el Sector P\u00fablic<\/div>\t\t\t\t<\/div>\n\t\t\t\t<\/div>\n\t\t\t\t\t<\/div>\n\t\t\t\t<\/div>\n\t\t<div class=\"elementor-element elementor-element-c6c11b0 espsup espinf e-grid e-con-boxed e-con e-parent\" data-id=\"c6c11b0\" data-element_type=\"container\" data-e-type=\"container\">\n\t\t\t\t\t<div class=\"e-con-inner\">\n\t\t<div class=\"elementor-element elementor-element-b049233 e-con-full entrada e-flex e-con e-child\" data-id=\"b049233\" data-element_type=\"container\" data-e-type=\"container\" id=\"linia\">\n\t\t<div class=\"elementor-element elementor-element-1387b66 e-con-full col1 e-flex e-con e-child\" data-id=\"1387b66\" data-element_type=\"container\" data-e-type=\"container\">\n\t\t\t\t<div class=\"elementor-element elementor-element-e6d4550 elementor-widget elementor-widget-image\" data-id=\"e6d4550\" data-element_type=\"widget\" data-e-type=\"widget\" data-widget_type=\"image.default\">\n\t\t\t\t\t\t\t\t\t\t\t\t\t\t\t<img fetchpriority=\"high\" decoding=\"async\" width=\"300\" height=\"300\" src=\"https:\/\/congresomsp.com\/wp-content\/uploads\/2026\/03\/Congreso-Mujeres-en-el-Sector-Publico-Sin-Imagen.jpg\" class=\"attachment-medium size-medium wp-image-1354\" alt=\"Congreso Mujeres en el Sector Publico - Sin Imagen\" srcset=\"https:\/\/congresomsp.com\/wp-content\/uploads\/2026\/03\/Congreso-Mujeres-en-el-Sector-Publico-Sin-Imagen.jpg 300w, https:\/\/congresomsp.com\/wp-content\/uploads\/2026\/03\/Congreso-Mujeres-en-el-Sector-Publico-Sin-Imagen-150x150.jpg 150w, https:\/\/congresomsp.com\/wp-content\/uploads\/2026\/03\/Congreso-Mujeres-en-el-Sector-Publico-Sin-Imagen-100x100.jpg 100w\" sizes=\"(max-width: 300px) 100vw, 300px\" \/>\t\t\t\t\t\t\t\t\t\t\t\t\t\t\t<\/div>\n\t\t\t\t<\/div>\n\t\t<div class=\"elementor-element elementor-element-85cb647 e-con-full col2 e-flex e-con e-child\" data-id=\"85cb647\" data-element_type=\"container\" data-e-type=\"container\">\n\t\t\t\t<div class=\"elementor-element elementor-element-4616865 titulo-entrada elementor-widget elementor-widget-heading\" data-id=\"4616865\" data-element_type=\"widget\" data-e-type=\"widget\" data-widget_type=\"heading.default\">\n\t\t\t\t\t<h2 class=\"elementor-heading-title elementor-size-default\">Entrada En l\u00ednia<\/h2>\t\t\t\t<\/div>\n\t\t\t\t<div class=\"elementor-element elementor-element-db1a1ae precio elementor-widget elementor-widget-heading\" data-id=\"db1a1ae\" data-element_type=\"widget\" data-e-type=\"widget\" data-widget_type=\"heading.default\">\n\t\t\t\t\t<span class=\"elementor-heading-title elementor-size-default\">Entrada Gratu\u00efta<\/span>\t\t\t\t<\/div>\n\t\t\t\t<div class=\"elementor-element elementor-element-10e9629 bloque-inventario inventario elementor-widget elementor-widget-heading\" data-id=\"10e9629\" data-element_type=\"widget\" data-e-type=\"widget\" data-widget_type=\"heading.default\">\n\t\t\t\t\t<span class=\"elementor-heading-title elementor-size-default\">Places disponibles<\/span>\t\t\t\t<\/div>\n\t\t\t\t<div class=\"elementor-element elementor-element-82e238e contiene elementor-widget elementor-widget-heading\" data-id=\"82e238e\" data-element_type=\"widget\" data-e-type=\"widget\" data-widget_type=\"heading.default\">\n\t\t\t\t\t<span class=\"elementor-heading-title elementor-size-default\">L'entrada inclou:<br>\n<ul>\n<li>Acc\u00e9s en l\u00ednia a l'esdeveniment.<\/li>\n<\/ul><\/span>\t\t\t\t<\/div>\n\t\t\t\t<div class=\"elementor-element elementor-element-aa602dd bloque-boton elementor-widget elementor-widget-shortcode\" data-id=\"aa602dd\" data-element_type=\"widget\" data-e-type=\"widget\" data-widget_type=\"shortcode.default\">\n\t\t\t\t\t\t\t<div class=\"elementor-shortcode\"><a href=\"\/va\/wp-json\/wp\/v2\/pages\/1446?agregar_paquete=online\" class=\"button\">Reserva la teua entrada<\/a><\/div>\n\t\t\t\t\t\t<\/div>\n\t\t\t\t<\/div>\n\t\t\t\t<\/div>\n\t\t<div class=\"elementor-element elementor-element-c380658 e-con-full entrada e-flex e-con e-child\" data-id=\"c380658\" data-element_type=\"container\" data-e-type=\"container\" id=\"presencial\">\n\t\t<div class=\"elementor-element elementor-element-f0ea779 e-con-full col1 e-flex e-con e-child\" data-id=\"f0ea779\" data-element_type=\"container\" data-e-type=\"container\">\n\t\t\t\t<div class=\"elementor-element elementor-element-3c6dfe2 elementor-widget elementor-widget-image\" data-id=\"3c6dfe2\" data-element_type=\"widget\" data-e-type=\"widget\" data-widget_type=\"image.default\">\n\t\t\t\t\t\t\t\t\t\t\t\t\t\t\t<img fetchpriority=\"high\" decoding=\"async\" width=\"300\" height=\"300\" src=\"https:\/\/congresomsp.com\/wp-content\/uploads\/2026\/03\/Congreso-Mujeres-en-el-Sector-Publico-Sin-Imagen.jpg\" class=\"attachment-medium size-medium wp-image-1354\" alt=\"Congreso Mujeres en el Sector Publico - Sin Imagen\" srcset=\"https:\/\/congresomsp.com\/wp-content\/uploads\/2026\/03\/Congreso-Mujeres-en-el-Sector-Publico-Sin-Imagen.jpg 300w, https:\/\/congresomsp.com\/wp-content\/uploads\/2026\/03\/Congreso-Mujeres-en-el-Sector-Publico-Sin-Imagen-150x150.jpg 150w, https:\/\/congresomsp.com\/wp-content\/uploads\/2026\/03\/Congreso-Mujeres-en-el-Sector-Publico-Sin-Imagen-100x100.jpg 100w\" sizes=\"(max-width: 300px) 100vw, 300px\" \/>\t\t\t\t\t\t\t\t\t\t\t\t\t\t\t<\/div>\n\t\t\t\t<\/div>\n\t\t<div class=\"elementor-element elementor-element-06ebde9 e-con-full col2 e-flex e-con e-child\" data-id=\"06ebde9\" data-element_type=\"container\" data-e-type=\"container\">\n\t\t\t\t<div class=\"elementor-element elementor-element-40a8c6f titulo-entrada elementor-widget elementor-widget-heading\" data-id=\"40a8c6f\" data-element_type=\"widget\" data-e-type=\"widget\" data-widget_type=\"heading.default\">\n\t\t\t\t\t<h2 class=\"elementor-heading-title elementor-size-default\">Entrada Presencial<\/h2>\t\t\t\t<\/div>\n\t\t\t\t<div class=\"elementor-element elementor-element-d0ced21 precio elementor-widget elementor-widget-heading\" data-id=\"d0ced21\" data-element_type=\"widget\" data-e-type=\"widget\" data-widget_type=\"heading.default\">\n\t\t\t\t\t<span class=\"elementor-heading-title elementor-size-default\">Entrada Gratu\u00efta<\/span>\t\t\t\t<\/div>\n\t\t\t\t<div class=\"elementor-element elementor-element-f2fc9ea bloque-inventario elementor-widget elementor-widget-shortcode\" data-id=\"f2fc9ea\" data-element_type=\"widget\" data-e-type=\"widget\" data-widget_type=\"shortcode.default\">\n\t\t\t\t\t\t\t<div class=\"elementor-shortcode\"><span class=\"inventario\">Queden 297 places<\/span><\/div>\n\t\t\t\t\t\t<\/div>\n\t\t\t\t<div class=\"elementor-element elementor-element-04688f5 contiene elementor-widget elementor-widget-heading\" data-id=\"04688f5\" data-element_type=\"widget\" data-e-type=\"widget\" data-widget_type=\"heading.default\">\n\t\t\t\t\t<span class=\"elementor-heading-title elementor-size-default\">L'entrada inclou:<br>\n<ul>\n<li>Acc\u00e9s presencial a l'esdeveniment, confer\u00e8ncies i networking.<\/li>\n<li>Menjar en l'esdeveniment<\/li>\n<\/ul><\/span>\t\t\t\t<\/div>\n\t\t\t\t<div class=\"elementor-element elementor-element-eb5aa87 bloque-boton elementor-widget elementor-widget-shortcode\" data-id=\"eb5aa87\" data-element_type=\"widget\" data-e-type=\"widget\" data-widget_type=\"shortcode.default\">\n\t\t\t\t\t\t\t<div class=\"elementor-shortcode\"><a href=\"\/va\/wp-json\/wp\/v2\/pages\/1446?agregar_paquete=presencial\" class=\"button\">Reserva la teua entrada<\/a><\/div>\n\t\t\t\t\t\t<\/div>\n\t\t\t\t<\/div>\n\t\t\t\t<\/div>\n\t\t<div class=\"elementor-element elementor-element-0011fa9 e-con-full entrada e-flex e-con e-child\" data-id=\"0011fa9\" data-element_type=\"container\" data-e-type=\"container\" id=\"presencialay\">\n\t\t<div class=\"elementor-element elementor-element-3a515d6 e-con-full col1 e-flex e-con e-child\" data-id=\"3a515d6\" data-element_type=\"container\" data-e-type=\"container\">\n\t\t\t\t<div class=\"elementor-element elementor-element-1970223 elementor-widget elementor-widget-image\" data-id=\"1970223\" data-element_type=\"widget\" data-e-type=\"widget\" data-widget_type=\"image.default\">\n\t\t\t\t\t\t\t\t\t\t\t\t\t\t\t<img fetchpriority=\"high\" decoding=\"async\" width=\"300\" height=\"300\" src=\"https:\/\/congresomsp.com\/wp-content\/uploads\/2026\/03\/Congreso-Mujeres-en-el-Sector-Publico-Sin-Imagen.jpg\" class=\"attachment-medium size-medium wp-image-1354\" alt=\"Congreso Mujeres en el Sector Publico - Sin Imagen\" srcset=\"https:\/\/congresomsp.com\/wp-content\/uploads\/2026\/03\/Congreso-Mujeres-en-el-Sector-Publico-Sin-Imagen.jpg 300w, https:\/\/congresomsp.com\/wp-content\/uploads\/2026\/03\/Congreso-Mujeres-en-el-Sector-Publico-Sin-Imagen-150x150.jpg 150w, https:\/\/congresomsp.com\/wp-content\/uploads\/2026\/03\/Congreso-Mujeres-en-el-Sector-Publico-Sin-Imagen-100x100.jpg 100w\" sizes=\"(max-width: 300px) 100vw, 300px\" \/>\t\t\t\t\t\t\t\t\t\t\t\t\t\t\t<\/div>\n\t\t\t\t<\/div>\n\t\t<div class=\"elementor-element elementor-element-993f1f6 e-con-full col2 e-flex e-con e-child\" data-id=\"993f1f6\" data-element_type=\"container\" data-e-type=\"container\">\n\t\t\t\t<div class=\"elementor-element elementor-element-5ee69fc titulo-entrada elementor-widget elementor-widget-heading\" data-id=\"5ee69fc\" data-element_type=\"widget\" data-e-type=\"widget\" data-widget_type=\"heading.default\">\n\t\t\t\t\t<h2 class=\"elementor-heading-title elementor-size-default\">Entrada Presencial + Recepci\u00f3 Ajuntament<\/h2>\t\t\t\t<\/div>\n\t\t\t\t<div class=\"elementor-element elementor-element-8804e96 precio elementor-widget elementor-widget-heading\" data-id=\"8804e96\" data-element_type=\"widget\" data-e-type=\"widget\" data-widget_type=\"heading.default\">\n\t\t\t\t\t<span class=\"elementor-heading-title elementor-size-default\">Entrada Gratu\u00efta<\/span>\t\t\t\t<\/div>\n\t\t\t\t<div class=\"elementor-element elementor-element-81d579b bloque-inventario elementor-widget elementor-widget-shortcode\" data-id=\"81d579b\" data-element_type=\"widget\" data-e-type=\"widget\" data-widget_type=\"shortcode.default\">\n\t\t\t\t\t\t\t<div class=\"elementor-shortcode\"><span class=\"inventario\">Queden 70 places<\/span><\/div>\n\t\t\t\t\t\t<\/div>\n\t\t\t\t<div class=\"elementor-element elementor-element-b8e6ba7 contiene elementor-widget elementor-widget-heading\" data-id=\"b8e6ba7\" data-element_type=\"widget\" data-e-type=\"widget\" data-widget_type=\"heading.default\">\n\t\t\t\t\t<span class=\"elementor-heading-title elementor-size-default\">L'entrada inclou:<br>\n<ul>\n<li>Acc\u00e9s a la recepci\u00f3 a l'Ajuntament de Val\u00e8ncia el dia anterior al Congr\u00e9s<\/li>\n<li>Acc\u00e9s presencial a l'esdeveniment, confer\u00e8ncies i networking.<\/li>\n<li>Menjar en l'esdeveniment<\/li>\n<\/ul><\/span>\t\t\t\t<\/div>\n\t\t\t\t<div class=\"elementor-element elementor-element-7ca77bd bloque-boton elementor-widget elementor-widget-shortcode\" data-id=\"7ca77bd\" data-element_type=\"widget\" data-e-type=\"widget\" data-widget_type=\"shortcode.default\">\n\t\t\t\t\t\t\t<div class=\"elementor-shortcode\"><a href=\"\/va\/wp-json\/wp\/v2\/pages\/1446?agregar_paquete=presencial_recepcion\" class=\"button\">Reserva la teua entrada<\/a><\/div>\n\t\t\t\t\t\t<\/div>\n\t\t\t\t<\/div>\n\t\t\t\t<\/div>\n\t\t<div class=\"elementor-element elementor-element-f6a9d35 e-con-full entrada elementor-hidden-desktop elementor-hidden-tablet elementor-hidden-mobile e-flex e-con e-child\" data-id=\"f6a9d35\" data-element_type=\"container\" data-e-type=\"container\">\n\t\t<div class=\"elementor-element elementor-element-a21b9e3 e-con-full col1 e-flex e-con e-child\" data-id=\"a21b9e3\" data-element_type=\"container\" data-e-type=\"container\">\n\t\t\t\t<div class=\"elementor-element elementor-element-8d9561a elementor-widget elementor-widget-image\" data-id=\"8d9561a\" data-element_type=\"widget\" data-e-type=\"widget\" data-widget_type=\"image.default\">\n\t\t\t\t\t\t\t\t\t\t\t\t\t\t\t<img fetchpriority=\"high\" decoding=\"async\" width=\"300\" height=\"300\" src=\"https:\/\/congresomsp.com\/wp-content\/uploads\/2026\/03\/Congreso-Mujeres-en-el-Sector-Publico-Sin-Imagen.jpg\" class=\"attachment-medium size-medium wp-image-1354\" alt=\"Congreso Mujeres en el Sector Publico - Sin Imagen\" srcset=\"https:\/\/congresomsp.com\/wp-content\/uploads\/2026\/03\/Congreso-Mujeres-en-el-Sector-Publico-Sin-Imagen.jpg 300w, https:\/\/congresomsp.com\/wp-content\/uploads\/2026\/03\/Congreso-Mujeres-en-el-Sector-Publico-Sin-Imagen-150x150.jpg 150w, https:\/\/congresomsp.com\/wp-content\/uploads\/2026\/03\/Congreso-Mujeres-en-el-Sector-Publico-Sin-Imagen-100x100.jpg 100w\" sizes=\"(max-width: 300px) 100vw, 300px\" \/>\t\t\t\t\t\t\t\t\t\t\t\t\t\t\t<\/div>\n\t\t\t\t<\/div>\n\t\t<div class=\"elementor-element elementor-element-684204c e-con-full col2 e-flex e-con e-child\" data-id=\"684204c\" data-element_type=\"container\" data-e-type=\"container\">\n\t\t\t\t<div class=\"elementor-element elementor-element-6dedded titulo-entrada elementor-widget elementor-widget-heading\" data-id=\"6dedded\" data-element_type=\"widget\" data-e-type=\"widget\" data-widget_type=\"heading.default\">\n\t\t\t\t\t<h2 class=\"elementor-heading-title elementor-size-default\">Entrada Presencial + Cocktail<\/h2>\t\t\t\t<\/div>\n\t\t\t\t<div class=\"elementor-element elementor-element-d4c11ca precio elementor-widget elementor-widget-heading\" data-id=\"d4c11ca\" data-element_type=\"widget\" data-e-type=\"widget\" data-widget_type=\"heading.default\">\n\t\t\t\t\t<span class=\"elementor-heading-title elementor-size-default\">Preu: 20\u20ac<\/span>\t\t\t\t<\/div>\n\t\t\t\t<div class=\"elementor-element elementor-element-c96fe50 bloque-inventario elementor-widget elementor-widget-shortcode\" data-id=\"c96fe50\" data-element_type=\"widget\" data-e-type=\"widget\" data-widget_type=\"shortcode.default\">\n\t\t\t\t\t\t\t<div class=\"elementor-shortcode\"><span class=\"inventario\">Queden 119 places<\/span><\/div>\n\t\t\t\t\t\t<\/div>\n\t\t\t\t<div class=\"elementor-element elementor-element-327bc90 contiene elementor-widget elementor-widget-heading\" data-id=\"327bc90\" data-element_type=\"widget\" data-e-type=\"widget\" data-widget_type=\"heading.default\">\n\t\t\t\t\t<span class=\"elementor-heading-title elementor-size-default\">L'entrada inclou:<br>\n<ul>\n<li>Acc\u00e9s al *Cocktail en Ateneu la nit abans del congr\u00e9s.<\/li> \n<li>Acc\u00e9s presencial a l'esdeveniment, confer\u00e8ncies i *networking.<\/li>\n<li>Menjar en l'esdeveniment<\/li>\n<\/ul><\/span>\t\t\t\t<\/div>\n\t\t\t\t<div class=\"elementor-element elementor-element-fc80b0a bloque-boton elementor-widget elementor-widget-shortcode\" data-id=\"fc80b0a\" data-element_type=\"widget\" data-e-type=\"widget\" data-widget_type=\"shortcode.default\">\n\t\t\t\t\t\t\t<div class=\"elementor-shortcode\"><a href=\"\/va\/wp-json\/wp\/v2\/pages\/1446?agregar_paquete=presencial_cocktail\" class=\"button\">Reserva la teua entrada<\/a><\/div>\n\t\t\t\t\t\t<\/div>\n\t\t\t\t<\/div>\n\t\t\t\t<\/div>\n\t\t<div class=\"elementor-element elementor-element-23b8adc e-con-full entrada elementor-hidden-desktop elementor-hidden-tablet elementor-hidden-mobile e-flex e-con e-child\" data-id=\"23b8adc\" data-element_type=\"container\" data-e-type=\"container\">\n\t\t<div class=\"elementor-element elementor-element-0c9f915 e-con-full col1 e-flex e-con e-child\" data-id=\"0c9f915\" data-element_type=\"container\" data-e-type=\"container\">\n\t\t\t\t<div class=\"elementor-element elementor-element-cdfa57c elementor-widget elementor-widget-image\" data-id=\"cdfa57c\" data-element_type=\"widget\" data-e-type=\"widget\" data-widget_type=\"image.default\">\n\t\t\t\t\t\t\t\t\t\t\t\t\t\t\t<img fetchpriority=\"high\" decoding=\"async\" width=\"300\" height=\"300\" src=\"https:\/\/congresomsp.com\/wp-content\/uploads\/2026\/03\/Congreso-Mujeres-en-el-Sector-Publico-Sin-Imagen.jpg\" class=\"attachment-medium size-medium wp-image-1354\" alt=\"Congreso Mujeres en el Sector Publico - Sin Imagen\" srcset=\"https:\/\/congresomsp.com\/wp-content\/uploads\/2026\/03\/Congreso-Mujeres-en-el-Sector-Publico-Sin-Imagen.jpg 300w, https:\/\/congresomsp.com\/wp-content\/uploads\/2026\/03\/Congreso-Mujeres-en-el-Sector-Publico-Sin-Imagen-150x150.jpg 150w, https:\/\/congresomsp.com\/wp-content\/uploads\/2026\/03\/Congreso-Mujeres-en-el-Sector-Publico-Sin-Imagen-100x100.jpg 100w\" sizes=\"(max-width: 300px) 100vw, 300px\" \/>\t\t\t\t\t\t\t\t\t\t\t\t\t\t\t<\/div>\n\t\t\t\t<\/div>\n\t\t<div class=\"elementor-element elementor-element-d0f4231 e-con-full col2 e-flex e-con e-child\" data-id=\"d0f4231\" data-element_type=\"container\" data-e-type=\"container\">\n\t\t\t\t<div class=\"elementor-element elementor-element-c195ce8 titulo-entrada elementor-widget elementor-widget-heading\" data-id=\"c195ce8\" data-element_type=\"widget\" data-e-type=\"widget\" data-widget_type=\"heading.default\">\n\t\t\t\t\t<h2 class=\"elementor-heading-title elementor-size-default\">Entrada Presencial + Recepci\u00f3 Ajuntament + *\nCocktail <\/h2>\t\t\t\t<\/div>\n\t\t\t\t<div class=\"elementor-element elementor-element-024a028 precio elementor-widget elementor-widget-heading\" data-id=\"024a028\" data-element_type=\"widget\" data-e-type=\"widget\" data-widget_type=\"heading.default\">\n\t\t\t\t\t<span class=\"elementor-heading-title elementor-size-default\">Preu: 20\u20ac<\/span>\t\t\t\t<\/div>\n\t\t\t\t<div class=\"elementor-element elementor-element-6b0b17c bloque-inventario elementor-widget elementor-widget-shortcode\" data-id=\"6b0b17c\" data-element_type=\"widget\" data-e-type=\"widget\" data-widget_type=\"shortcode.default\">\n\t\t\t\t\t\t\t<div class=\"elementor-shortcode\"><span class=\"inventario\">Queden 70 places<\/span><\/div>\n\t\t\t\t\t\t<\/div>\n\t\t\t\t<div class=\"elementor-element elementor-element-e93823c contiene elementor-widget elementor-widget-heading\" data-id=\"e93823c\" data-element_type=\"widget\" data-e-type=\"widget\" data-widget_type=\"heading.default\">\n\t\t\t\t\t<span class=\"elementor-heading-title elementor-size-default\">L'entrada inclou:<br>\n<ul>\n<li>Acc\u00e9s a la recepci\u00f3 a l'Ajuntament de Val\u00e8ncia el dia anterior al Congr\u00e9s<\/li>\n<li>Acc\u00e9s al *Cocktail en Ateneu la nit abans del congr\u00e9s.<\/li> \n<li>Acc\u00e9s presencial a l'esdeveniment, confer\u00e8ncies i *networking.<\/li>\n<li>Menjar en l'esdeveniment<\/li>\n<\/ul><\/span>\t\t\t\t<\/div>\n\t\t\t\t<div class=\"elementor-element elementor-element-515e0c2 bloque-boton elementor-widget elementor-widget-shortcode\" data-id=\"515e0c2\" data-element_type=\"widget\" data-e-type=\"widget\" data-widget_type=\"shortcode.default\">\n\t\t\t\t\t\t\t<div class=\"elementor-shortcode\"><a href=\"\/va\/wp-json\/wp\/v2\/pages\/1446?agregar_paquete=presencial_recepcion_cocktail\" class=\"button\">Reserva la teua entrada<\/a><\/div>\n\t\t\t\t\t\t<\/div>\n\t\t\t\t<\/div>\n\t\t\t\t<\/div>\n\t\t\t\t\t<\/div>\n\t\t\t\t<\/div>\n\t\t\t\t<\/div>\n\t\t","protected":false},"excerpt":{"rendered":"<p>Reserva d&#8217;Entrades VIII Congr\u00e9s D\u00f2nes en el Sector P\u00fablic Entrada En l\u00ednia Entrada Gratu\u00efta Places disponibles L&#8217;entrada inclou: Acc\u00e9s en [&hellip;]<\/p>\n","protected":false},"author":1,"featured_media":0,"parent":0,"menu_order":0,"comment_status":"closed","ping_status":"closed","template":"","meta":{"site-sidebar-layout":"no-sidebar","site-content-layout":"","ast-site-content-layout":"full-width-container","site-content-style":"default","site-sidebar-style":"default","ast-global-header-display":"","ast-banner-title-visibility":"","ast-main-header-display":"","ast-hfb-above-header-display":"","ast-hfb-below-header-display":"","ast-hfb-mobile-header-display":"","site-post-title":"","ast-breadcrumbs-content":"","ast-featured-img":"disabled","footer-sml-layout":"","ast-disable-related-posts":"","theme-transparent-header-meta":"default","adv-header-id-meta":"","stick-header-meta":"default","header-above-stick-meta":"","header-main-stick-meta":"","header-below-stick-meta":"","astra-migrate-meta-layouts":"set","ast-page-background-enabled":"default","ast-page-background-meta":{"desktop":{"background-color":"var(--ast-global-color-5)","background-image":"","background-repeat":"repeat","background-position":"center center","background-size":"auto","background-attachment":"scroll","background-type":"","background-media":"","overlay-type":"","overlay-color":"","overlay-opacity":"","overlay-gradient":""},"tablet":{"background-color":"","background-image":"","background-repeat":"repeat","background-position":"center center","background-size":"auto","background-attachment":"scroll","background-type":"","background-media":"","overlay-type":"","overlay-color":"","overlay-opacity":"","overlay-gradient":""},"mobile":{"background-color":"","background-image":"","background-repeat":"repeat","background-position":"center center","background-size":"auto","background-attachment":"scroll","background-type":"","background-media":"","overlay-type":"","overlay-color":"","overlay-opacity":"","overlay-gradient":""}},"ast-content-background-meta":{"desktop":{"background-color":"var(--ast-global-color-4)","background-image":"","background-repeat":"repeat","background-position":"center center","background-size":"auto","background-attachment":"scroll","background-type":"","background-media":"","overlay-type":"","overlay-color":"","overlay-opacity":"","overlay-gradient":""},"tablet":{"background-color":"var(--ast-global-color-4)","background-image":"","background-repeat":"repeat","background-position":"center center","background-size":"auto","background-attachment":"scroll","background-type":"","background-media":"","overlay-type":"","overlay-color":"","overlay-opacity":"","overlay-gradient":""},"mobile":{"background-color":"var(--ast-global-color-4)","background-image":"","background-repeat":"repeat","background-position":"center center","background-size":"auto","background-attachment":"scroll","background-type":"","background-media":"","overlay-type":"","overlay-color":"","overlay-opacity":"","overlay-gradient":""}},"footnotes":""},"class_list":["post-1446","page","type-page","status-publish","hentry"],"_links":{"self":[{"href":"https:\/\/congresomsp.com\/va\/wp-json\/wp\/v2\/pages\/1446","targetHints":{"allow":["GET"]}}],"collection":[{"href":"https:\/\/congresomsp.com\/va\/wp-json\/wp\/v2\/pages"}],"about":[{"href":"https:\/\/congresomsp.com\/va\/wp-json\/wp\/v2\/types\/page"}],"author":[{"embeddable":true,"href":"https:\/\/congresomsp.com\/va\/wp-json\/wp\/v2\/users\/1"}],"replies":[{"embeddable":true,"href":"https:\/\/congresomsp.com\/va\/wp-json\/wp\/v2\/comments?post=1446"}],"version-history":[{"count":26,"href":"https:\/\/congresomsp.com\/va\/wp-json\/wp\/v2\/pages\/1446\/revisions"}],"predecessor-version":[{"id":1513,"href":"https:\/\/congresomsp.com\/va\/wp-json\/wp\/v2\/pages\/1446\/revisions\/1513"}],"wp:attachment":[{"href":"https:\/\/congresomsp.com\/va\/wp-json\/wp\/v2\/media?parent=1446"}],"curies":[{"name":"wp","href":"https:\/\/api.w.org\/{rel}","templated":true}]}}