{"id":1662,"date":"2026-04-01T16:41:30","date_gmt":"2026-04-01T14:41:30","guid":{"rendered":"https:\/\/congresomsp.com\/precongreso\/"},"modified":"2026-04-12T23:30:29","modified_gmt":"2026-04-12T21:30:29","slug":"precongres","status":"publish","type":"page","link":"https:\/\/congresomsp.com\/va\/precongres\/","title":{"rendered":"Precongr\u00e9s"},"content":{"rendered":"\t\t<div data-elementor-type=\"wp-page\" data-elementor-id=\"1662\" class=\"elementor elementor-1662 elementor-1321\" data-elementor-post-type=\"page\">\n\t\t\t\t<div class=\"elementor-element elementor-element-65d9dde cabecera-principal e-flex e-con-boxed e-con e-parent\" data-id=\"65d9dde\" data-element_type=\"container\" data-e-type=\"container\" data-settings=\"{&quot;background_background&quot;:&quot;classic&quot;}\">\n\t\t\t\t\t<div class=\"e-con-inner\">\n\t\t<div class=\"elementor-element elementor-element-9e858ca e-con-full titulo-cabecera e-flex e-con e-child\" data-id=\"9e858ca\" data-element_type=\"container\" data-e-type=\"container\">\n\t\t\t\t<div class=\"elementor-element elementor-element-2079b2b elementor-widget elementor-widget-heading\" data-id=\"2079b2b\" data-element_type=\"widget\" data-e-type=\"widget\" data-widget_type=\"heading.default\">\n\t\t\t\t\t<h1 class=\"elementor-heading-title elementor-size-default\"> Activitats Precongr\u00e9s<\/h1>\t\t\t\t<\/div>\n\t\t\t\t<div class=\"elementor-element elementor-element-39c0ee9 elementor-absolute elementor-widget elementor-widget-image\" data-id=\"39c0ee9\" data-element_type=\"widget\" data-e-type=\"widget\" data-settings=\"{&quot;_position&quot;:&quot;absolute&quot;}\" data-widget_type=\"image.default\">\n\t\t\t\t\t\t\t\t\t\t\t\t\t\t\t<img decoding=\"async\" src=\"https:\/\/congresomsp.com\/wp-content\/uploads\/2026\/03\/Congreso-MSP-Bolas.png\" title=\"Congreso MSP &#8211; Bolas\" alt=\"Congreso MSP - Bolas\" loading=\"lazy\" \/>\t\t\t\t\t\t\t\t\t\t\t\t\t\t\t<\/div>\n\t\t\t\t<div class=\"elementor-element elementor-element-9a3c52f subtitulo-cabecera elementor-widget elementor-widget-heading\" data-id=\"9a3c52f\" data-element_type=\"widget\" data-e-type=\"widget\" data-widget_type=\"heading.default\">\n\t\t\t\t\t<div class=\"elementor-heading-title elementor-size-default\">28 de maig de 2026\u200b<\/div>\t\t\t\t<\/div>\n\t\t\t\t<\/div>\n\t\t\t\t\t<\/div>\n\t\t\t\t<\/div>\n\t\t<div class=\"elementor-element elementor-element-36becf5 espsup espinf e-flex e-con-boxed e-con e-parent\" data-id=\"36becf5\" data-element_type=\"container\" data-e-type=\"container\">\n\t\t\t\t\t<div class=\"e-con-inner\">\n\t\t<div class=\"elementor-element elementor-element-624709e e-con-full titulo-cabecera e-flex e-con e-child\" data-id=\"624709e\" data-element_type=\"container\" data-e-type=\"container\">\n\t\t\t\t<div class=\"elementor-element elementor-element-c02df97 elementor-widget elementor-widget-heading\" data-id=\"c02df97\" data-element_type=\"widget\" data-e-type=\"widget\" data-widget_type=\"heading.default\">\n\t\t\t\t\t<h2 class=\"elementor-heading-title elementor-size-default\">Recepci\u00f3 a l'Ajuntament de Val\u00e8ncia\u200b<\/h2>\t\t\t\t<\/div>\n\t\t\t\t<\/div>\n\t\t\t\t<div class=\"elementor-element elementor-element-350c7c6 titulo-actividad elementor-widget elementor-widget-heading\" data-id=\"350c7c6\" data-element_type=\"widget\" data-e-type=\"widget\" data-widget_type=\"heading.default\">\n\t\t\t\t\t<h2 class=\"elementor-heading-title elementor-size-default\">La igualtat com a valor institucional<\/h2>\t\t\t\t<\/div>\n\t\t<div class=\"elementor-element elementor-element-36618d9 e-grid e-con-full e-con e-child\" data-id=\"36618d9\" data-element_type=\"container\" data-e-type=\"container\">\n\t\t<div class=\"elementor-element elementor-element-63ef045 e-con-full e-flex e-con e-child\" data-id=\"63ef045\" data-element_type=\"container\" data-e-type=\"container\">\n\t\t\t\t<div class=\"elementor-element elementor-element-f96fad9 elementor-position-top elementor-widget elementor-widget-image-box\" data-id=\"f96fad9\" data-element_type=\"widget\" data-e-type=\"widget\" data-widget_type=\"image-box.default\">\n\t\t\t\t\t<div class=\"elementor-image-box-wrapper\"><figure class=\"elementor-image-box-img\"><img decoding=\"async\" width=\"74\" height=\"75\" src=\"https:\/\/congresomsp.com\/wp-content\/uploads\/2026\/03\/Congreso-MSP-Calendario.png\" class=\"attachment-full size-full wp-image-1663\" alt=\"Congreso MSP - Calendario\" \/><\/figure><div class=\"elementor-image-box-content\"><span class=\"elementor-image-box-title\">28 de Maig de 2026<\/span><\/div><\/div>\t\t\t\t<\/div>\n\t\t\t\t<\/div>\n\t\t<div class=\"elementor-element elementor-element-bb24464 e-con-full e-flex e-con e-child\" data-id=\"bb24464\" data-element_type=\"container\" data-e-type=\"container\">\n\t\t\t\t<div class=\"elementor-element elementor-element-36fa9de elementor-position-top elementor-widget elementor-widget-image-box\" data-id=\"36fa9de\" data-element_type=\"widget\" data-e-type=\"widget\" data-widget_type=\"image-box.default\">\n\t\t\t\t\t<div class=\"elementor-image-box-wrapper\"><figure class=\"elementor-image-box-img\"><img decoding=\"async\" width=\"75\" height=\"75\" src=\"https:\/\/congresomsp.com\/wp-content\/uploads\/2026\/03\/Congreso-MSP-Reloj.png\" class=\"attachment-full size-full wp-image-1664\" alt=\"\" \/><\/figure><div class=\"elementor-image-box-content\"><span class=\"elementor-image-box-title\">18.30 a 20.00 hores<\/span><\/div><\/div>\t\t\t\t<\/div>\n\t\t\t\t<\/div>\n\t\t<div class=\"elementor-element elementor-element-b0ca4c5 e-con-full e-flex e-con e-child\" data-id=\"b0ca4c5\" data-element_type=\"container\" data-e-type=\"container\">\n\t\t\t\t<div class=\"elementor-element elementor-element-0d600d1 elementor-position-top elementor-widget elementor-widget-image-box\" data-id=\"0d600d1\" data-element_type=\"widget\" data-e-type=\"widget\" data-widget_type=\"image-box.default\">\n\t\t\t\t\t<div class=\"elementor-image-box-wrapper\"><figure class=\"elementor-image-box-img\"><img decoding=\"async\" width=\"47\" height=\"75\" src=\"https:\/\/congresomsp.com\/wp-content\/uploads\/2026\/03\/Congreso-MSP-Lugar.png\" class=\"attachment-full size-full wp-image-1665\" alt=\"Congreso MSP - Lugar\" \/><\/figure><div class=\"elementor-image-box-content\"><span class=\"elementor-image-box-title\">Sal\u00f3 de Cristall de l'Ajuntament de Val\u00e8ncia\u200b<\/span><\/div><\/div>\t\t\t\t<\/div>\n\t\t\t\t<\/div>\n\t\t\t\t<\/div>\n\t\t\t\t\t<\/div>\n\t\t\t\t<\/div>\n\t\t<div class=\"elementor-element elementor-element-a70e04e espsup espinf e-flex e-con-boxed e-con e-parent\" data-id=\"a70e04e\" data-element_type=\"container\" data-e-type=\"container\" id=\"cta\" data-settings=\"{&quot;background_background&quot;:&quot;classic&quot;}\">\n\t\t\t\t\t<div class=\"e-con-inner\">\n\t\t\t\t<div class=\"elementor-element elementor-element-46ec070 titulo-actividad elementor-widget elementor-widget-heading\" data-id=\"46ec070\" data-element_type=\"widget\" data-e-type=\"widget\" data-widget_type=\"heading.default\">\n\t\t\t\t\t<h2 class=\"elementor-heading-title elementor-size-default\">Esdeveniment gratu\u00eft amb places limitades\u200b<\/h2>\t\t\t\t<\/div>\n\t\t\t\t<div class=\"elementor-element elementor-element-5669079 elementor-align-center elementor-widget elementor-widget-button\" data-id=\"5669079\" data-element_type=\"widget\" data-e-type=\"widget\" data-widget_type=\"button.default\">\n\t\t\t\t\t\t\t\t\t\t<a class=\"elementor-button elementor-button-link elementor-size-sm\" href=\"\/va\/entrades\/#presencialay\">\n\t\t\t\t\t\t<span class=\"elementor-button-content-wrapper\">\n\t\t\t\t\t\t\t\t\t<span class=\"elementor-button-text\">Reserva la teua entrada<\/span>\n\t\t\t\t\t<\/span>\n\t\t\t\t\t<\/a>\n\t\t\t\t\t\t\t\t<\/div>\n\t\t\t\t\t<\/div>\n\t\t\t\t<\/div>\n\t\t<div class=\"elementor-element elementor-element-0484371 espsup e-flex e-con-boxed e-con e-parent\" data-id=\"0484371\" data-element_type=\"container\" data-e-type=\"container\">\n\t\t\t\t\t<div class=\"e-con-inner\">\n\t\t\t\t<div class=\"elementor-element elementor-element-1fa33e8 titulo-actividad elementor-widget elementor-widget-heading\" data-id=\"1fa33e8\" data-element_type=\"widget\" data-e-type=\"widget\" data-widget_type=\"heading.default\">\n\t\t\t\t\t<h2 class=\"elementor-heading-title elementor-size-default\">Interv\u00e9<\/h2>\t\t\t\t<\/div>\n\t\t\t\t\t<\/div>\n\t\t\t\t<\/div>\n\t\t<div class=\"elementor-element elementor-element-13456ed espinf e-flex e-con-boxed e-con e-parent\" data-id=\"13456ed\" data-element_type=\"container\" data-e-type=\"container\">\n\t\t\t\t\t<div class=\"e-con-inner\">\n\t\t<div class=\"elementor-element elementor-element-25f8fc1 e-con-full e-flex e-con e-child\" data-id=\"25f8fc1\" data-element_type=\"container\" data-e-type=\"container\">\n\t\t<div class=\"elementor-element elementor-element-83b326e e-grid e-con-full e-con e-child\" data-id=\"83b326e\" data-element_type=\"container\" data-e-type=\"container\">\n\t\t<div class=\"elementor-element elementor-element-f7f8b82 e-con-full ponente e-flex e-con e-child\" data-id=\"f7f8b82\" data-element_type=\"container\" data-e-type=\"container\">\n\t\t<div class=\"elementor-element elementor-element-0ac098b e-con-full col1 e-flex e-con e-child\" data-id=\"0ac098b\" data-element_type=\"container\" data-e-type=\"container\">\n\t\t\t\t<div class=\"elementor-element elementor-element-50c0e37 elementor-widget elementor-widget-image\" data-id=\"50c0e37\" data-element_type=\"widget\" data-e-type=\"widget\" data-widget_type=\"image.default\">\n\t\t\t\t\t\t\t\t\t\t\t\t\t\t\t<img loading=\"lazy\" decoding=\"async\" width=\"300\" height=\"300\" src=\"https:\/\/congresomsp.com\/wp-content\/uploads\/2026\/04\/Congreso-MSP-Precongreso-Maria-Jose-Catala.jpg\" class=\"attachment-medium size-medium wp-image-1667\" alt=\"Congreso MSP - Precongreso - Maria Jose Catala\" srcset=\"https:\/\/congresomsp.com\/wp-content\/uploads\/2026\/04\/Congreso-MSP-Precongreso-Maria-Jose-Catala.jpg 300w, https:\/\/congresomsp.com\/wp-content\/uploads\/2026\/04\/Congreso-MSP-Precongreso-Maria-Jose-Catala-150x150.jpg 150w, https:\/\/congresomsp.com\/wp-content\/uploads\/2026\/04\/Congreso-MSP-Precongreso-Maria-Jose-Catala-100x100.jpg 100w\" sizes=\"(max-width: 300px) 100vw, 300px\" \/>\t\t\t\t\t\t\t\t\t\t\t\t\t\t\t<\/div>\n\t\t\t\t<\/div>\n\t\t<div class=\"elementor-element elementor-element-c68bf10 e-con-full col2 e-flex e-con e-child\" data-id=\"c68bf10\" data-element_type=\"container\" data-e-type=\"container\">\n\t\t\t\t<div class=\"elementor-element elementor-element-f5cb915 elementor-widget elementor-widget-heading\" data-id=\"f5cb915\" data-element_type=\"widget\" data-e-type=\"widget\" data-widget_type=\"heading.default\">\n\t\t\t\t\t<h3 class=\"elementor-heading-title elementor-size-default\">Mar\u00eda Jos\u00e9 Catal\u00e1 Verdet<\/h3>\t\t\t\t<\/div>\n\t\t\t\t<div class=\"elementor-element elementor-element-15a7aa1 elementor-widget elementor-widget-heading\" data-id=\"15a7aa1\" data-element_type=\"widget\" data-e-type=\"widget\" data-widget_type=\"heading.default\">\n\t\t\t\t\t<h4 class=\"elementor-heading-title elementor-size-default\">Alcaldessa de Val\u00e8ncia<\/h4>\t\t\t\t<\/div>\n\t\t\t\t<\/div>\n\t\t\t\t<\/div>\n\t\t<div class=\"elementor-element elementor-element-abf5cf6 e-con-full ponente e-flex e-con e-child\" data-id=\"abf5cf6\" data-element_type=\"container\" data-e-type=\"container\">\n\t\t<div class=\"elementor-element elementor-element-a36a0c2 e-con-full col1 e-flex e-con e-child\" data-id=\"a36a0c2\" data-element_type=\"container\" data-e-type=\"container\">\n\t\t\t\t<div class=\"elementor-element elementor-element-c31edf4 elementor-widget elementor-widget-image\" data-id=\"c31edf4\" data-element_type=\"widget\" data-e-type=\"widget\" data-widget_type=\"image.default\">\n\t\t\t\t\t\t\t\t\t\t\t\t\t\t\t<img loading=\"lazy\" decoding=\"async\" width=\"300\" height=\"300\" src=\"https:\/\/congresomsp.com\/wp-content\/uploads\/2026\/04\/Congreso-MSP-Precongreso-Leticia-Prats.jpg\" class=\"attachment-medium size-medium wp-image-2466\" alt=\"\" srcset=\"https:\/\/congresomsp.com\/wp-content\/uploads\/2026\/04\/Congreso-MSP-Precongreso-Leticia-Prats.jpg 300w, https:\/\/congresomsp.com\/wp-content\/uploads\/2026\/04\/Congreso-MSP-Precongreso-Leticia-Prats-150x150.jpg 150w, https:\/\/congresomsp.com\/wp-content\/uploads\/2026\/04\/Congreso-MSP-Precongreso-Leticia-Prats-100x100.jpg 100w\" sizes=\"(max-width: 300px) 100vw, 300px\" \/>\t\t\t\t\t\t\t\t\t\t\t\t\t\t\t<\/div>\n\t\t\t\t<\/div>\n\t\t<div class=\"elementor-element elementor-element-a70d934 e-con-full col2 e-flex e-con e-child\" data-id=\"a70d934\" data-element_type=\"container\" data-e-type=\"container\">\n\t\t\t\t<div class=\"elementor-element elementor-element-f698a8a elementor-widget elementor-widget-heading\" data-id=\"f698a8a\" data-element_type=\"widget\" data-e-type=\"widget\" data-widget_type=\"heading.default\">\n\t\t\t\t\t<h3 class=\"elementor-heading-title elementor-size-default\">Leticia Prats Beltr\u00e1n<\/h3>\t\t\t\t<\/div>\n\t\t\t\t<div class=\"elementor-element elementor-element-dd8b271 elementor-widget elementor-widget-heading\" data-id=\"dd8b271\" data-element_type=\"widget\" data-e-type=\"widget\" data-widget_type=\"heading.default\">\n\t\t\t\t\t<h4 class=\"elementor-heading-title elementor-size-default\">Vocal del consell d'administraci\u00f3 de Caixa Ontinyent<\/h4>\t\t\t\t<\/div>\n\t\t\t\t<\/div>\n\t\t\t\t<\/div>\n\t\t<div class=\"elementor-element elementor-element-b93f5b6 e-con-full ponente e-flex e-con e-child\" data-id=\"b93f5b6\" data-element_type=\"container\" data-e-type=\"container\">\n\t\t<div class=\"elementor-element elementor-element-85b932d e-con-full col1 e-flex e-con e-child\" data-id=\"85b932d\" data-element_type=\"container\" data-e-type=\"container\">\n\t\t\t\t<div class=\"elementor-element elementor-element-f48fd3b elementor-widget elementor-widget-image\" data-id=\"f48fd3b\" data-element_type=\"widget\" data-e-type=\"widget\" data-widget_type=\"image.default\">\n\t\t\t\t\t\t\t\t\t\t\t\t\t\t\t<img loading=\"lazy\" decoding=\"async\" width=\"300\" height=\"300\" src=\"https:\/\/congresomsp.com\/wp-content\/uploads\/2026\/04\/Congreso-MSP-Precongreso-Eva-Blasco-Garcia.jpg\" class=\"attachment-medium size-medium wp-image-1668\" alt=\"Congreso MSP - Precongreso - Eva Blasco Garcia\" srcset=\"https:\/\/congresomsp.com\/wp-content\/uploads\/2026\/04\/Congreso-MSP-Precongreso-Eva-Blasco-Garcia.jpg 300w, https:\/\/congresomsp.com\/wp-content\/uploads\/2026\/04\/Congreso-MSP-Precongreso-Eva-Blasco-Garcia-150x150.jpg 150w, https:\/\/congresomsp.com\/wp-content\/uploads\/2026\/04\/Congreso-MSP-Precongreso-Eva-Blasco-Garcia-100x100.jpg 100w\" sizes=\"(max-width: 300px) 100vw, 300px\" \/>\t\t\t\t\t\t\t\t\t\t\t\t\t\t\t<\/div>\n\t\t\t\t<\/div>\n\t\t<div class=\"elementor-element elementor-element-00d8c12 e-con-full col2 e-flex e-con e-child\" data-id=\"00d8c12\" data-element_type=\"container\" data-e-type=\"container\">\n\t\t\t\t<div class=\"elementor-element elementor-element-51e5297 elementor-widget elementor-widget-heading\" data-id=\"51e5297\" data-element_type=\"widget\" data-e-type=\"widget\" data-widget_type=\"heading.default\">\n\t\t\t\t\t<h3 class=\"elementor-heading-title elementor-size-default\">Eva Blasco Garc\u00eda<\/h3>\t\t\t\t<\/div>\n\t\t\t\t<div class=\"elementor-element elementor-element-47ea321 elementor-widget elementor-widget-heading\" data-id=\"47ea321\" data-element_type=\"widget\" data-e-type=\"widget\" data-widget_type=\"heading.default\">\n\t\t\t\t\t<h4 class=\"elementor-heading-title elementor-size-default\">Presidenta de la Confederaci\u00f3 Empresarial de la Comunitat Valenciana<\/h4>\t\t\t\t<\/div>\n\t\t\t\t<\/div>\n\t\t\t\t<\/div>\n\t\t<div class=\"elementor-element elementor-element-bfbdab8 e-con-full ponente e-flex e-con e-child\" data-id=\"bfbdab8\" data-element_type=\"container\" data-e-type=\"container\">\n\t\t<div class=\"elementor-element elementor-element-b04f729 e-con-full col1 e-flex e-con e-child\" data-id=\"b04f729\" data-element_type=\"container\" data-e-type=\"container\">\n\t\t\t\t<div class=\"elementor-element elementor-element-6cbc9b8 elementor-widget elementor-widget-image\" data-id=\"6cbc9b8\" data-element_type=\"widget\" data-e-type=\"widget\" data-widget_type=\"image.default\">\n\t\t\t\t\t\t\t\t\t\t\t\t\t\t\t<img loading=\"lazy\" decoding=\"async\" width=\"300\" height=\"300\" src=\"https:\/\/congresomsp.com\/wp-content\/uploads\/2026\/04\/Congreso-MSP-Precongreso-Egevasa.jpg\" class=\"attachment-medium size-medium wp-image-2465\" alt=\"Congreso MSP - Precongreso - Egevasa\" srcset=\"https:\/\/congresomsp.com\/wp-content\/uploads\/2026\/04\/Congreso-MSP-Precongreso-Egevasa.jpg 300w, https:\/\/congresomsp.com\/wp-content\/uploads\/2026\/04\/Congreso-MSP-Precongreso-Egevasa-150x150.jpg 150w, https:\/\/congresomsp.com\/wp-content\/uploads\/2026\/04\/Congreso-MSP-Precongreso-Egevasa-100x100.jpg 100w\" sizes=\"(max-width: 300px) 100vw, 300px\" \/>\t\t\t\t\t\t\t\t\t\t\t\t\t\t\t<\/div>\n\t\t\t\t<\/div>\n\t\t<div class=\"elementor-element elementor-element-9e077b1 e-con-full col2 e-flex e-con e-child\" data-id=\"9e077b1\" data-element_type=\"container\" data-e-type=\"container\">\n\t\t\t\t<div class=\"elementor-element elementor-element-da036c7 elementor-widget elementor-widget-heading\" data-id=\"da036c7\" data-element_type=\"widget\" data-e-type=\"widget\" data-widget_type=\"heading.default\">\n\t\t\t\t\t<h3 class=\"elementor-heading-title elementor-size-default\">Cristina Gimeno Oltra<\/h3>\t\t\t\t<\/div>\n\t\t\t\t<div class=\"elementor-element elementor-element-308cb62 elementor-widget elementor-widget-heading\" data-id=\"308cb62\" data-element_type=\"widget\" data-e-type=\"widget\" data-widget_type=\"heading.default\">\n\t\t\t\t\t<h4 class=\"elementor-heading-title elementor-size-default\">Directora de servicios jur\u00eddicos de EGEVASA<\/h4>\t\t\t\t<\/div>\n\t\t\t\t<\/div>\n\t\t\t\t<\/div>\n\t\t<div class=\"elementor-element elementor-element-395d8d3 e-con-full ponente e-flex e-con e-child\" data-id=\"395d8d3\" data-element_type=\"container\" data-e-type=\"container\">\n\t\t<div class=\"elementor-element elementor-element-86b0230 e-con-full col1 e-flex e-con e-child\" data-id=\"86b0230\" data-element_type=\"container\" data-e-type=\"container\">\n\t\t\t\t<div class=\"elementor-element elementor-element-c20d611 elementor-widget elementor-widget-image\" data-id=\"c20d611\" data-element_type=\"widget\" data-e-type=\"widget\" data-widget_type=\"image.default\">\n\t\t\t\t\t\t\t\t\t\t\t\t\t\t\t<img loading=\"lazy\" decoding=\"async\" width=\"300\" height=\"300\" src=\"https:\/\/congresomsp.com\/wp-content\/uploads\/2026\/03\/Congreso-MSP-Organizacion-Carmen-Seisdedos-300x300.jpg\" class=\"attachment-medium size-medium wp-image-1554\" alt=\"Congreso MSP - Organizacion - Carmen Seisdedos\" srcset=\"https:\/\/congresomsp.com\/wp-content\/uploads\/2026\/03\/Congreso-MSP-Organizacion-Carmen-Seisdedos-300x300.jpg 300w, https:\/\/congresomsp.com\/wp-content\/uploads\/2026\/03\/Congreso-MSP-Organizacion-Carmen-Seisdedos-150x150.jpg 150w, https:\/\/congresomsp.com\/wp-content\/uploads\/2026\/03\/Congreso-MSP-Organizacion-Carmen-Seisdedos-100x100.jpg 100w, https:\/\/congresomsp.com\/wp-content\/uploads\/2026\/03\/Congreso-MSP-Organizacion-Carmen-Seisdedos.jpg 400w\" sizes=\"(max-width: 300px) 100vw, 300px\" \/>\t\t\t\t\t\t\t\t\t\t\t\t\t\t\t<\/div>\n\t\t\t\t<\/div>\n\t\t<div class=\"elementor-element elementor-element-28c5341 e-con-full col2 e-flex e-con e-child\" data-id=\"28c5341\" data-element_type=\"container\" data-e-type=\"container\">\n\t\t\t\t<div class=\"elementor-element elementor-element-e89d62f elementor-widget elementor-widget-heading\" data-id=\"e89d62f\" data-element_type=\"widget\" data-e-type=\"widget\" data-widget_type=\"heading.default\">\n\t\t\t\t\t<h3 class=\"elementor-heading-title elementor-size-default\">Carmen Seisdedos Alonso<\/h3>\t\t\t\t<\/div>\n\t\t\t\t<div class=\"elementor-element elementor-element-73914a5 elementor-widget elementor-widget-heading\" data-id=\"73914a5\" data-element_type=\"widget\" data-e-type=\"widget\" data-widget_type=\"heading.default\">\n\t\t\t\t\t<h4 class=\"elementor-heading-title elementor-size-default\">Subdirectora de evaluaci\u00f3 e innovaci\u00f3 en el Instituto Andaluz de la Administraci\u00f3n P\u00fablica i presidenta de l\u00b4 AMSP<\/h4>\t\t\t\t<\/div>\n\t\t\t\t<\/div>\n\t\t\t\t<\/div>\n\t\t\t\t<\/div>\n\t\t\t\t<\/div>\n\t\t<div class=\"elementor-element elementor-element-9555b5a e-con-full e-flex e-con e-child\" data-id=\"9555b5a\" data-element_type=\"container\" data-e-type=\"container\">\n\t\t\t\t<div class=\"elementor-element elementor-element-ef304d9 elementor-widget elementor-widget-image\" data-id=\"ef304d9\" data-element_type=\"widget\" data-e-type=\"widget\" data-widget_type=\"image.default\">\n\t\t\t\t\t\t\t\t\t\t\t\t\t\t\t<img loading=\"lazy\" decoding=\"async\" width=\"1024\" height=\"592\" src=\"https:\/\/congresomsp.com\/wp-content\/uploads\/2026\/04\/Congreso-MSP-Precongreso-Salon-de-Cristal.jpg\" class=\"attachment-large size-large wp-image-1666\" alt=\"Congreso MSP - Precongreso - Salon de Cristal\" srcset=\"https:\/\/congresomsp.com\/wp-content\/uploads\/2026\/04\/Congreso-MSP-Precongreso-Salon-de-Cristal.jpg 1024w, https:\/\/congresomsp.com\/wp-content\/uploads\/2026\/04\/Congreso-MSP-Precongreso-Salon-de-Cristal-300x173.jpg 300w, https:\/\/congresomsp.com\/wp-content\/uploads\/2026\/04\/Congreso-MSP-Precongreso-Salon-de-Cristal-768x444.jpg 768w, https:\/\/congresomsp.com\/wp-content\/uploads\/2026\/04\/Congreso-MSP-Precongreso-Salon-de-Cristal-413x239.jpg 413w, https:\/\/congresomsp.com\/wp-content\/uploads\/2026\/04\/Congreso-MSP-Precongreso-Salon-de-Cristal-600x347.jpg 600w\" sizes=\"(max-width: 1024px) 100vw, 1024px\" \/>\t\t\t\t\t\t\t\t\t\t\t\t\t\t\t<\/div>\n\t\t\t\t<div class=\"elementor-element elementor-element-245c206 direccion elementor-widget elementor-widget-text-editor\" data-id=\"245c206\" data-element_type=\"widget\" data-e-type=\"widget\" data-widget_type=\"text-editor.default\">\n\t\t\t\t\t\t\t\t\t<p>Sal\u00f3 de Cristall de l&#8217;Ajuntament de Val\u00e8ncia<\/p>\n<p>Plaza de l&#8217;Ajuntament n\u00ba1<\/p><p>46002 Val\u00e8ncia<\/p>\t\t\t\t\t\t\t\t<\/div>\n\t\t\t\t<div class=\"elementor-element elementor-element-d880824 elementor-widget elementor-widget-google_maps\" data-id=\"d880824\" data-element_type=\"widget\" data-e-type=\"widget\" data-widget_type=\"google_maps.default\">\n\t\t\t\t\t\t\t<div class=\"elementor-custom-embed\">\n\t\t\t<iframe loading=\"lazy\"\n\t\t\t\t\tsrc=\"https:\/\/maps.google.com\/maps?q=Ayuntamiento%20de%20Valencia%2C%20Plaza%20del%20Ayuntamiento%201%2C%20Valencia&#038;t=m&#038;z=15&#038;output=embed&#038;iwloc=near\"\n\t\t\t\t\ttitle=\"Ayuntamiento de Valencia, Plaza del Ayuntamiento 1, Valencia\"\n\t\t\t\t\taria-label=\"Ayuntamiento de Valencia, Plaza del Ayuntamiento 1, Valencia\"\n\t\t\t><\/iframe>\n\t\t<\/div>\n\t\t\t\t\t\t<\/div>\n\t\t\t\t<\/div>\n\t\t\t\t\t<\/div>\n\t\t\t\t<\/div>\n\t\t\t\t<\/div>\n\t\t","protected":false},"excerpt":{"rendered":"<p>Activitats Precongr\u00e9s 28 de maig de 2026\u200b Recepci\u00f3 a l&#8217;Ajuntament de Val\u00e8ncia\u200b La igualtat com a valor institucional 28 de [&hellip;]<\/p>\n","protected":false},"author":1,"featured_media":0,"parent":0,"menu_order":0,"comment_status":"closed","ping_status":"closed","template":"","meta":{"site-sidebar-layout":"no-sidebar","site-content-layout":"","ast-site-content-layout":"full-width-container","site-content-style":"default","site-sidebar-style":"default","ast-global-header-display":"","ast-banner-title-visibility":"","ast-main-header-display":"","ast-hfb-above-header-display":"","ast-hfb-below-header-display":"","ast-hfb-mobile-header-display":"","site-post-title":"","ast-breadcrumbs-content":"","ast-featured-img":"disabled","footer-sml-layout":"","ast-disable-related-posts":"","theme-transparent-header-meta":"default","adv-header-id-meta":"","stick-header-meta":"default","header-above-stick-meta":"","header-main-stick-meta":"","header-below-stick-meta":"","astra-migrate-meta-layouts":"set","ast-page-background-enabled":"default","ast-page-background-meta":{"desktop":{"background-color":"var(--ast-global-color-5)","background-image":"","background-repeat":"repeat","background-position":"center center","background-size":"auto","background-attachment":"scroll","background-type":"","background-media":"","overlay-type":"","overlay-color":"","overlay-opacity":"","overlay-gradient":""},"tablet":{"background-color":"","background-image":"","background-repeat":"repeat","background-position":"center center","background-size":"auto","background-attachment":"scroll","background-type":"","background-media":"","overlay-type":"","overlay-color":"","overlay-opacity":"","overlay-gradient":""},"mobile":{"background-color":"","background-image":"","background-repeat":"repeat","background-position":"center center","background-size":"auto","background-attachment":"scroll","background-type":"","background-media":"","overlay-type":"","overlay-color":"","overlay-opacity":"","overlay-gradient":""}},"ast-content-background-meta":{"desktop":{"background-color":"var(--ast-global-color-4)","background-image":"","background-repeat":"repeat","background-position":"center center","background-size":"auto","background-attachment":"scroll","background-type":"","background-media":"","overlay-type":"","overlay-color":"","overlay-opacity":"","overlay-gradient":""},"tablet":{"background-color":"var(--ast-global-color-4)","background-image":"","background-repeat":"repeat","background-position":"center center","background-size":"auto","background-attachment":"scroll","background-type":"","background-media":"","overlay-type":"","overlay-color":"","overlay-opacity":"","overlay-gradient":""},"mobile":{"background-color":"var(--ast-global-color-4)","background-image":"","background-repeat":"repeat","background-position":"center center","background-size":"auto","background-attachment":"scroll","background-type":"","background-media":"","overlay-type":"","overlay-color":"","overlay-opacity":"","overlay-gradient":""}},"footnotes":""},"class_list":["post-1662","page","type-page","status-publish","hentry"],"_links":{"self":[{"href":"https:\/\/congresomsp.com\/va\/wp-json\/wp\/v2\/pages\/1662","targetHints":{"allow":["GET"]}}],"collection":[{"href":"https:\/\/congresomsp.com\/va\/wp-json\/wp\/v2\/pages"}],"about":[{"href":"https:\/\/congresomsp.com\/va\/wp-json\/wp\/v2\/types\/page"}],"author":[{"embeddable":true,"href":"https:\/\/congresomsp.com\/va\/wp-json\/wp\/v2\/users\/1"}],"replies":[{"embeddable":true,"href":"https:\/\/congresomsp.com\/va\/wp-json\/wp\/v2\/comments?post=1662"}],"version-history":[{"count":23,"href":"https:\/\/congresomsp.com\/va\/wp-json\/wp\/v2\/pages\/1662\/revisions"}],"predecessor-version":[{"id":2584,"href":"https:\/\/congresomsp.com\/va\/wp-json\/wp\/v2\/pages\/1662\/revisions\/2584"}],"wp:attachment":[{"href":"https:\/\/congresomsp.com\/va\/wp-json\/wp\/v2\/media?parent=1662"}],"curies":[{"name":"wp","href":"https:\/\/api.w.org\/{rel}","templated":true}]}}