{"id":726,"date":"2025-08-19T20:20:15","date_gmt":"2025-08-19T18:20:15","guid":{"rendered":"https:\/\/congresomsp.com\/politica-de-cookies\/"},"modified":"2026-04-12T17:27:01","modified_gmt":"2026-04-12T15:27:01","slug":"politica-de-cookies","status":"publish","type":"page","link":"https:\/\/congresomsp.com\/va\/politica-de-cookies\/","title":{"rendered":"Pol\u00edtica de Cookies"},"content":{"rendered":"\t\t<div data-elementor-type=\"wp-page\" data-elementor-id=\"726\" class=\"elementor elementor-726 elementor-82\" data-elementor-post-type=\"page\">\n\t\t\t\t<div class=\"elementor-element elementor-element-e777546 cabecera-principal e-flex e-con-boxed e-con e-parent\" data-id=\"e777546\" data-element_type=\"container\" data-e-type=\"container\" data-settings=\"{&quot;background_background&quot;:&quot;classic&quot;}\">\n\t\t\t\t\t<div class=\"e-con-inner\">\n\t\t<div class=\"elementor-element elementor-element-206effa e-con-full titulo-cabecera e-flex e-con e-child\" data-id=\"206effa\" data-element_type=\"container\" data-e-type=\"container\">\n\t\t\t\t<div class=\"elementor-element elementor-element-77b7377 elementor-widget elementor-widget-heading\" data-id=\"77b7377\" data-element_type=\"widget\" data-e-type=\"widget\" data-widget_type=\"heading.default\">\n\t\t\t\t\t<h1 class=\"elementor-heading-title elementor-size-default\">Pol\u00edtica de Cookies<\/h1>\t\t\t\t<\/div>\n\t\t\t\t<div class=\"elementor-element elementor-element-3d21f57 subtitulo-cabecera elementor-widget elementor-widget-heading\" data-id=\"3d21f57\" data-element_type=\"widget\" data-e-type=\"widget\" data-widget_type=\"heading.default\">\n\t\t\t\t\t<div class=\"elementor-heading-title elementor-size-default\">VIII Congr\u00e9s de les Dones en el Sector P\u00fablic<\/div>\t\t\t\t<\/div>\n\t\t\t\t<div class=\"elementor-element elementor-element-bfaa0d4 elementor-absolute elementor-widget elementor-widget-image\" data-id=\"bfaa0d4\" data-element_type=\"widget\" data-e-type=\"widget\" data-settings=\"{&quot;_position&quot;:&quot;absolute&quot;}\" data-widget_type=\"image.default\">\n\t\t\t\t\t\t\t\t\t\t\t\t\t\t\t<img decoding=\"async\" src=\"https:\/\/congresomsp.com\/wp-content\/uploads\/2026\/03\/Congreso-MSP-Bolas.png\" title=\"Congreso MSP &#8211; Bolas\" alt=\"Congreso MSP - Bolas\" loading=\"lazy\" \/>\t\t\t\t\t\t\t\t\t\t\t\t\t\t\t<\/div>\n\t\t\t\t<\/div>\n\t\t\t\t\t<\/div>\n\t\t\t\t<\/div>\n\t\t<div class=\"elementor-element elementor-element-cbce7f4 espsup espinf e-flex e-con-boxed e-con e-parent\" data-id=\"cbce7f4\" data-element_type=\"container\" data-e-type=\"container\" id=\"contenido-legal\">\n\t\t\t\t\t<div class=\"e-con-inner\">\n\t\t\t\t<div class=\"elementor-element elementor-element-a1d1500 elementor-widget elementor-widget-text-editor\" data-id=\"a1d1500\" data-element_type=\"widget\" data-e-type=\"widget\" data-widget_type=\"text-editor.default\">\n\t\t\t\t\t\t\t\t\t<p>En cumplimiento con lo dispuesto en el art\u00edculo 22.2 de la Ley 34\/2002, de 11 de julio, de Servicios de la Sociedad de la Informaci\u00f3n y de Comercio Electr\u00f3nico, <strong>Asociaci\u00f3n de Mujeres en el Sector P\u00fablico<\/strong> (en adelante, el titular), titular del website <a href=\"https:\/\/congresomsp.com\" target=\"_blank\" rel=\"nofollow\" title=\"Enlace a la Web del Congreso\">https:\/\/congresomsp.com<\/a> (en adelante, el website) le informa en esta secci\u00f3n la pol\u00edtica de recogida y tratamiento de cookies propias y terceros, as\u00ed como sus finalidades y plazos.<\/p><h2>\u00bfQu\u00e9 son las cookies?<\/h2><p>Las cookies son peque\u00f1os archivos de texto que las p\u00e1ginas web almacenan en el navegador del usuario que las visita para hacer m\u00e1s eficiente la experiencia del usuario.<\/p><p>Este sitio web utiliza cookies y\/o tecnolog\u00edas similares que almacenan y recuperan informaci\u00f3n cuando navegas. En general, estas tecnolog\u00edas pueden servir para finalidades muy diversas, como, por ejemplo, reconocerte como usuario, obtener informaci\u00f3n sobre tus h\u00e1bitos de navegaci\u00f3n, o personalizar la forma en que se muestra el contenido. Los usos concretos que hacemos de estas tecnolog\u00edas se describen a continuaci\u00f3n.<\/p><p>Esta p\u00e1gina web utiliza cookies propias y de terceros para personalizar el contenido y los anuncios, ofrecer funciones de redes sociales y analizar el tr\u00e1fico. Adem\u00e1s, compartimos informaci\u00f3n sobre el uso que haga del sitio web con nuestros partners de redes sociales, publicidad y an\u00e1lisis web, quienes pueden combinarla con otra informaci\u00f3n que les haya proporcionado o que hayan recopilado a partir del uso que haya hecho de sus servicios.<\/p><p>Algunas cookies son esenciales para el funcionamiento del sitio, por ejemplo, el buscador incorporado. Otras se usan para para recopilar informaci\u00f3n con fines estad\u00edsticos y de uso de la web.<\/p><h2>Uso de cookies seg\u00fan la gesti\u00f3n y el tiempo activas<\/h2><p>Esta p\u00e1gina web utiliza servicios de terceros para recopilar informaci\u00f3n con fines estad\u00edsticos y de uso de la web. En concreto, Cookies propias, Cookies de terceros, de sesi\u00f3n y activas para fines de An\u00e1lisis, de Marketing y T\u00e9cnicos.<\/p><p>La siguiente informaci\u00f3n de los tipos de cookies que contiene esta p\u00e1gina ayuda a comprender mejor las funciones que hacen posible.<\/p><p>Seg\u00fan el tiempo de permanencia en el navegador, se dividen en:<\/p><ul><li><strong>Cookies de sesi\u00f3n:<\/strong> Son cookies temporales que permanecen en el espacio de cookies de su equipo hasta que cierra el navegador, por lo que ninguna queda registrada en el disco del usuario. La informaci\u00f3n obtenida por medio de estas cookies sirve para hacer posible la gesti\u00f3n operativa con cada uno de los usuarios que est\u00e1 accediendo de forma simult\u00e1nea a la web.<\/li><li><strong>Cookies persistentes:<\/strong> Son cookies que permanecen almacenadas en el espacio de cookies de su equipo una vez cerrado el navegador, y que volver\u00e1 a consultar dicha p\u00e1gina web la pr\u00f3xima vez que acceda a ella para recordar informaci\u00f3n que facilite la navegaci\u00f3n (acceder directamente al servicio sin necesidad de hacer el proceso de login) o la prestaci\u00f3n de un servicio comercial (ofrecer aquellos productos o servicios relacionados con anteriores visitas).<\/li><\/ul><p>Adem\u00e1s, las cookies intercambiadas al navegar por una p\u00e1gina web pueden ser:<\/p><ul><li><strong>Cookies de origen o propias:<\/strong> Son cookies generadas por la propia p\u00e1gina web que se est\u00e1 visitando.<\/li><li><strong>Cookies de terceros:<\/strong> Son cookies que se reciben al navegar por esa p\u00e1gina web, pero que han sido generadas por un tercer servicio que se encuentra hospedado en ella. Un ejemplo puede ser la cookie empleada por un anuncio o banner de publicidad que se encuentra en la p\u00e1gina web que visitamos. Otro puede ser la cookie empleada por un contador de visitantes contratado por la p\u00e1gina web que visitamos.<\/li><\/ul><h2>\u00bfPara qu\u00e9 utiliza las cookies esta p\u00e1gina web?<\/h2><p>Esta p\u00e1gina web utiliza las cookies para una serie de finalidades, incluidas:<\/p><ul><li><strong>Necesarias o t\u00e9cnicas<\/strong>: son aquellas que permiten al usuario la navegacio\u0301n a trave\u0301s de una pa\u0301gina web, plataforma o aplicacio\u0301n y la utilizacio\u0301n de las diferentes opciones o servicios que en ella existan, incluyendo aquellas que el editor utiliza para permitir la gestio\u0301n y operativa de la pa\u0301gina web y habilitar sus funciones y servicios.<\/li><li><strong>Estad\u00edsticas o de an\u00e1lisis o medici\u00f3n<\/strong>: son aquellas que, tratadas por nosotros o por terceros, nos permiten cuantificar el n\u00famero de usuarios y as\u00ed realizar la medici\u00f3n y an\u00e1lisis estad\u00edstico de la utilizaci\u00f3n que hacen los usuarios del servicio ofertado. Para ello se analiza su navegaci\u00f3n en nuestra p\u00e1gina web con el fin de mejorar la oferta de productos o servicios que le ofrecemos.<\/li><li><strong>Publicitarias comportamentales o de marketing<\/strong>: son aquellas que, tratadas por nosotros o por terceros, permiten analizar sus h\u00e1bitos de navegaci\u00f3n en Internet para mostrarle publicidad relacionada con su perfil de navegaci\u00f3n.<\/li><li><strong>De preferencias o personalizaci\u00f3n<\/strong>: Las cookies de preferencias permiten a la p\u00e1gina web recordar informaci\u00f3n que cambia la forma en que la p\u00e1gina se comporta o el aspecto que tiene, como su idioma preferido o la regi\u00f3n en la que usted se encuentra.<\/li><\/ul><p>Las cookies de este sitio web se usan para personalizar el contenido y los anuncios, ofrecer funciones de redes sociales y analizar el tr\u00e1fico.<\/p><p>Adem\u00e1s, compartimos informaci\u00f3n sobre el uso que haga del sitio web con nuestros partners de redes sociales, publicidad y an\u00e1lisis web, quienes pueden combinarla con otra informaci\u00f3n que les haya proporcionado o que hayan recopilado a partir del uso que haya hecho de sus servicios.<\/p><p>La ley afirma que podemos almacenar cookies en su dispositivo si son estrictamente necesarias para el funcionamiento de esta p\u00e1gina. Para todos los dem\u00e1s tipos de cookies necesitamos su permiso.<\/p><p>Esta p\u00e1gina utiliza tipos diferentes de cookies. Algunas cookies son colocadas por servicios de terceros que aparecen en nuestras p\u00e1ginas.<\/p><p>En cualquier momento puede cambiar o retirar su consentimiento desde la Declaraci\u00f3n de cookies en nuestro sitio web.<\/p><p>Obtenga m\u00e1s informaci\u00f3n sobre qui\u00e9nes somos, c\u00f3mo puede contactarnos y c\u00f3mo procesamos los datos personales en nuestra <a title=\"Ver Pol\u00edtica de Privacidad\" href=\"\/politica-de-privacidad\/\" target=\"_blank\" rel=\"noopener\">Pol\u00edtica de privacidad<\/a>.<\/p>\t\t\t\t\t\t\t\t<\/div>\n\t\t\t\t<div class=\"elementor-element elementor-element-d38dd8b elementor-widget elementor-widget-shortcode\" data-id=\"d38dd8b\" data-element_type=\"widget\" data-e-type=\"widget\" data-widget_type=\"shortcode.default\">\n\t\t\t\t\t\t\t<div class=\"elementor-shortcode\"><div id=\"cmplz-manage-consent-container-nojavascript\">You have loaded the Cookie Policy without javascript support.&nbsp;On AMP, you can use the manage consent button on the bottom of the page.<\/div><div id=\"cmplz-manage-consent-container\" name=\"cmplz-manage-consent-container\" class=\"cmplz-manage-consent-container\"><\/div><\/div>\n\t\t\t\t\t\t<\/div>\n\t\t\t\t<div class=\"elementor-element elementor-element-d144933 elementor-widget elementor-widget-heading\" data-id=\"d144933\" data-element_type=\"widget\" data-e-type=\"widget\" data-widget_type=\"heading.default\">\n\t\t\t\t\t<h2 class=\"elementor-heading-title elementor-size-default\">Cookies utilizadas en este sitio<\/h2>\t\t\t\t<\/div>\n\t\t\t\t<div class=\"elementor-element elementor-element-90d3f74 elementor-widget elementor-widget-shortcode\" data-id=\"90d3f74\" data-element_type=\"widget\" data-e-type=\"widget\" data-widget_type=\"shortcode.default\">\n\t\t\t\t\t\t\t<div class=\"elementor-shortcode\"> <div id=\"cmplz-cookies-overview\"><\/div><\/div>\n\t\t\t\t\t\t<\/div>\n\t\t\t\t<div class=\"elementor-element elementor-element-8bcb29c elementor-widget elementor-widget-text-editor\" data-id=\"8bcb29c\" data-element_type=\"widget\" data-e-type=\"widget\" data-widget_type=\"text-editor.default\">\n\t\t\t\t\t\t\t\t\t<h2>\u00bfQui\u00e9n utiliza las cookies en esta p\u00e1gina web?<\/h2><p><strong>\u00a0<\/strong>La identificaci\u00f3n de qui\u00e9n utiliza las cookies, el tipo de cookies utilizadas y dem\u00e1s detalles, se indica a continuaci\u00f3n:<\/p><ul><li><a href=\"https:\/\/developers.google.com\/analytics\/devguides\/collection\/analyticsjs\/cookie-usage?hl=es\" target=\"_blank\" rel=\"nofollow noopener\">Uso de las cookies de Google Analytics en los sitios web<\/a>.<\/li><li><a href=\"https:\/\/www.google.com\/policies\/privacy\/\" target=\"_blank\" rel=\"nofollow noopener\">Condiciones de privacidad de Google Analytics<\/a>.<\/li><li><a href=\"http:\/\/www.google.com\/policies\/technologies\/types\/\" target=\"_blank\" rel=\"nofollow noopener\">Condiciones de las cookies de Google<\/a>.<\/li><\/ul><p>Complianz GDPR\/CCPA Cookie Consent es el programa encargado de la realizaci\u00f3n del an\u00e1lisis de cookies, perteneciente a Didomi.<\/p><h2>Servicios de terceros<\/h2><p>Adicionalmente, el nombre de la titular tiene presencia en portales y servicios de terceros para los que, si se desea conocer las condiciones de privacidad y uso de cookies, deber\u00e1n consultarse las pol\u00edticas proporcionadas por los mismos.<\/p>\t\t\t\t\t\t\t\t<\/div>\n\t\t\t\t<div class=\"elementor-element elementor-element-a2cb878 elementor-widget elementor-widget-text-editor\" data-id=\"a2cb878\" data-element_type=\"widget\" data-e-type=\"widget\" data-widget_type=\"text-editor.default\">\n\t\t\t\t\t\t\t\t\t<ul>\n \t<li><a target=\"_blank\" rel=\"nofollow noopener\" href=\"https:\/\/www.facebook.com\/\">Facebook<\/a><\/li>\n \t<li><a href=\"https:\/\/x.com\/\">X<\/a><\/li>\n \t<li><a target=\"_blank\" rel=\"nofollow noopener\" href=\"https:\/\/www.linkedin.com\/in\/\/\">Linkedin<\/a><\/li>\n \t<li><a target=\"_blank\" rel=\"nofollow noopener\" href=\"https:\/\/www.instagram.com\/\">Instagram<\/a><\/li>\n \t<li><a target=\"_blank\" rel=\"nofollow noopener\" href=\"https:\/\/www.youtube.com\/\">YouTube<\/a><\/li>\n \t<li><a target=\"_blank\" rel=\"nofollow noopener\" href=\"https:\/\/es.pinterest.com\/\">Pinterest<\/a><\/li>\n<\/ul>\t\t\t\t\t\t\t\t<\/div>\n\t\t\t\t<div class=\"elementor-element elementor-element-0087e7a elementor-widget elementor-widget-text-editor\" data-id=\"0087e7a\" data-element_type=\"widget\" data-e-type=\"widget\" data-widget_type=\"text-editor.default\">\n\t\t\t\t\t\t\t\t\t<h2>Aceptaci\u00f3n de la pol\u00edtica de cookies<\/h2><p><strong>\u00a0<\/strong>La titular del website muestra informaci\u00f3n sobre su Pol\u00edtica de cookies en la parte inferior\u00a0de cualquier p\u00e1gina del portal con cada inicio de sesi\u00f3n con el objeto de que usted sea consciente.<\/p><p>Ante esta informaci\u00f3n es posible llevar a cabo las siguientes acciones:<\/p><ul><li><strong>Aceptar cookies<\/strong>. No se volver\u00e1 a visualizar este aviso al acceder a cualquier p\u00e1gina del portal durante la presente sesi\u00f3n.<\/li><li><strong>Modificar la configuraci\u00f3n<\/strong>. Podr\u00e1 obtener m\u00e1s informaci\u00f3n sobre qu\u00e9 son las cookies, conocer la Pol\u00edtica de cookies del website. y modificar la configuraci\u00f3n de su navegador para restringir o bloquear las cookies del website en cualquier momento. En el caso de restringir o bloquear las cookies puede ver reducidas las funcionalidades de la web.<\/li><\/ul><p><strong>Nota:<\/strong> Las cookies de tipo \u201c<em>Propias<\/em>\u201d son utilizadas s\u00f3lo por el propietario de esta web y las cookies \u201c<em>De terceros<\/em>\u201d son utilizadas, tambi\u00e9n, por el prestador del servicio que est\u00e1 detallado la tabla anterior.<\/p><p>Puede informarse de las transferencias a terceros pa\u00edses que, en su caso, realizan los terceros identificados en esta pol\u00edtica de cookies en sus correspondientes pol\u00edticas.<\/p><h2>\u00bfC\u00f3mo puedo desactivar o eliminar estas cookies?<\/h2><p>Puede usted permitir o bloquear las cookies, as\u00ed como borrar sus datos de navegaci\u00f3n (incluidas las cookies) desde el navegador que usted utiliza. Consulte las opciones e instrucciones que ofrece su navegador para ello. Tenga en cuenta que, si acepta las cookies de terceros, deber\u00e1 eliminarlas desde las opciones del navegador.<\/p><p>A continuaci\u00f3n, se indica c\u00f3mo realizar estas configuraciones en los diferentes navegadores:<\/p><ul><li><a href=\"https:\/\/support.mozilla.org\/es\/kb\/habilitar-y-deshabilitar-cookies-sitios-web-rastrear-preferencias?redirectslug=habilitar-y-deshabilitar-cookies-que-los-sitios-we&amp;redirectlocale=es\" target=\"_blank\" rel=\"nofollow noopener\">Firefox<\/a>.<\/li><li><a href=\"http:\/\/support.google.com\/chrome\/bin\/answer.py?hl=es&amp;answer=95647\" target=\"_blank\" rel=\"nofollow noopener\">Chrome<\/a>.<\/li><li><a href=\"https:\/\/support.microsoft.com\/es-es\/help\/278835\/how-to-delete-cookie-files-in-internet-explorer\" target=\"_blank\" rel=\"nofollow noopener\">Internet Explorer<\/a>.<\/li><li><a href=\"https:\/\/support.microsoft.com\/es-es\/help\/4027947\/microsoft-edge-delete-cookies\" target=\"_blank\" rel=\"nofollow noopener\">Microsoft Edge<\/a>.<\/li><li><a href=\"http:\/\/support.apple.com\/kb\/ph5042\" target=\"_blank\" rel=\"nofollow noopener\">Safari<\/a>.<\/li><li><a href=\"http:\/\/help.opera.com\/Windows\/11.50\/es-ES\/cookies.html\" target=\"_blank\" rel=\"nofollow noopener\">Opera<\/a>.<\/li><li>Otros navegadores: consulte la documentaci\u00f3n del navegador que tenga instalado.<\/li><\/ul><h2>Complemento de inhabilitaci\u00f3n para navegadores de Google Analytics<\/h2><p>Si desea rechazar las cookies anal\u00edticas de Google Analytics en todos los navegadores, de forma que no se env\u00ede informaci\u00f3n suya a Google Analytics, puede descargar un complemento que realiza esta funci\u00f3n desde <a href=\"https:\/\/tools.google.com\/dlpage\/gaoptout\" target=\"_blank\" rel=\"nofollow noopener\">este enlace<\/a>.<\/p><h2>Ejercicio de derechos<\/h2><p>Puede conocer y ejercer sus derechos en materia de protecci\u00f3n de datos accediendo a nuestra <a title=\"Ver Pol\u00edtica de Privacidad\" href=\"\/politica-de-privacidad\/\" target=\"_blank\" rel=\"noopener\">Pol\u00edtica de privacidad<\/a>.<\/p>\t\t\t\t\t\t\t\t<\/div>\n\t\t\t\t\t<\/div>\n\t\t\t\t<\/div>\n\t\t\t\t<\/div>\n\t\t","protected":false},"excerpt":{"rendered":"<p>VIII Congr\u00e9s de les Dones en el Sector P\u00fablic En cumplimiento con lo dispuesto en el art\u00edculo 22.2 de la [&hellip;]<\/p>\n","protected":false},"author":1,"featured_media":0,"parent":0,"menu_order":0,"comment_status":"closed","ping_status":"closed","template":"elementor_header_footer","meta":{"site-sidebar-layout":"no-sidebar","site-content-layout":"","ast-site-content-layout":"full-width-container","site-content-style":"default","site-sidebar-style":"default","ast-global-header-display":"","ast-banner-title-visibility":"","ast-main-header-display":"","ast-hfb-above-header-display":"","ast-hfb-below-header-display":"","ast-hfb-mobile-header-display":"","site-post-title":"","ast-breadcrumbs-content":"","ast-featured-img":"disabled","footer-sml-layout":"","ast-disable-related-posts":"","theme-transparent-header-meta":"default","adv-header-id-meta":"","stick-header-meta":"default","header-above-stick-meta":"","header-main-stick-meta":"","header-below-stick-meta":"","astra-migrate-meta-layouts":"set","ast-page-background-enabled":"default","ast-page-background-meta":{"desktop":{"background-color":"var(--ast-global-color-5)","background-image":"","background-repeat":"repeat","background-position":"center center","background-size":"auto","background-attachment":"scroll","background-type":"","background-media":"","overlay-type":"","overlay-color":"","overlay-opacity":"","overlay-gradient":""},"tablet":{"background-color":"","background-image":"","background-repeat":"repeat","background-position":"center center","background-size":"auto","background-attachment":"scroll","background-type":"","background-media":"","overlay-type":"","overlay-color":"","overlay-opacity":"","overlay-gradient":""},"mobile":{"background-color":"","background-image":"","background-repeat":"repeat","background-position":"center center","background-size":"auto","background-attachment":"scroll","background-type":"","background-media":"","overlay-type":"","overlay-color":"","overlay-opacity":"","overlay-gradient":""}},"ast-content-background-meta":{"desktop":{"background-color":"var(--ast-global-color-4)","background-image":"","background-repeat":"repeat","background-position":"center center","background-size":"auto","background-attachment":"scroll","background-type":"","background-media":"","overlay-type":"","overlay-color":"","overlay-opacity":"","overlay-gradient":""},"tablet":{"background-color":"var(--ast-global-color-4)","background-image":"","background-repeat":"repeat","background-position":"center center","background-size":"auto","background-attachment":"scroll","background-type":"","background-media":"","overlay-type":"","overlay-color":"","overlay-opacity":"","overlay-gradient":""},"mobile":{"background-color":"var(--ast-global-color-4)","background-image":"","background-repeat":"repeat","background-position":"center center","background-size":"auto","background-attachment":"scroll","background-type":"","background-media":"","overlay-type":"","overlay-color":"","overlay-opacity":"","overlay-gradient":""}},"footnotes":""},"class_list":["post-726","page","type-page","status-publish","hentry"],"_links":{"self":[{"href":"https:\/\/congresomsp.com\/va\/wp-json\/wp\/v2\/pages\/726","targetHints":{"allow":["GET"]}}],"collection":[{"href":"https:\/\/congresomsp.com\/va\/wp-json\/wp\/v2\/pages"}],"about":[{"href":"https:\/\/congresomsp.com\/va\/wp-json\/wp\/v2\/types\/page"}],"author":[{"embeddable":true,"href":"https:\/\/congresomsp.com\/va\/wp-json\/wp\/v2\/users\/1"}],"replies":[{"embeddable":true,"href":"https:\/\/congresomsp.com\/va\/wp-json\/wp\/v2\/comments?post=726"}],"version-history":[{"count":6,"href":"https:\/\/congresomsp.com\/va\/wp-json\/wp\/v2\/pages\/726\/revisions"}],"predecessor-version":[{"id":2496,"href":"https:\/\/congresomsp.com\/va\/wp-json\/wp\/v2\/pages\/726\/revisions\/2496"}],"wp:attachment":[{"href":"https:\/\/congresomsp.com\/va\/wp-json\/wp\/v2\/media?parent=726"}],"curies":[{"name":"wp","href":"https:\/\/api.w.org\/{rel}","templated":true}]}}