{"id":730,"date":"2025-08-19T19:35:18","date_gmt":"2025-08-19T17:35:18","guid":{"rendered":"https:\/\/congresomsp.com\/politica-privacitat\/"},"modified":"2026-04-12T17:27:10","modified_gmt":"2026-04-12T15:27:10","slug":"politica-privacitat","status":"publish","type":"page","link":"https:\/\/congresomsp.com\/va\/politica-privacitat\/","title":{"rendered":"Pol\u00edtica de Privacitat"},"content":{"rendered":"\t\t<div data-elementor-type=\"wp-page\" data-elementor-id=\"730\" class=\"elementor elementor-730 elementor-54\" data-elementor-post-type=\"page\">\n\t\t\t\t<div class=\"elementor-element elementor-element-a3112b4 cabecera-principal e-flex e-con-boxed e-con e-parent\" data-id=\"a3112b4\" data-element_type=\"container\" data-e-type=\"container\" data-settings=\"{&quot;background_background&quot;:&quot;classic&quot;}\">\n\t\t\t\t\t<div class=\"e-con-inner\">\n\t\t<div class=\"elementor-element elementor-element-6b192be e-con-full titulo-cabecera e-flex e-con e-child\" data-id=\"6b192be\" data-element_type=\"container\" data-e-type=\"container\">\n\t\t\t\t<div class=\"elementor-element elementor-element-69f4922 elementor-widget elementor-widget-heading\" data-id=\"69f4922\" data-element_type=\"widget\" data-e-type=\"widget\" data-widget_type=\"heading.default\">\n\t\t\t\t\t<h1 class=\"elementor-heading-title elementor-size-default\">Pol\u00edtica de Privacitat<\/h1>\t\t\t\t<\/div>\n\t\t\t\t<div class=\"elementor-element elementor-element-330abf0 subtitulo-cabecera elementor-widget elementor-widget-heading\" data-id=\"330abf0\" data-element_type=\"widget\" data-e-type=\"widget\" data-widget_type=\"heading.default\">\n\t\t\t\t\t<div class=\"elementor-heading-title elementor-size-default\">VIII Congr\u00e9s de les Dones en el Sector P\u00fablic<\/div>\t\t\t\t<\/div>\n\t\t\t\t<div class=\"elementor-element elementor-element-0edb6a2 elementor-absolute elementor-widget elementor-widget-image\" data-id=\"0edb6a2\" data-element_type=\"widget\" data-e-type=\"widget\" data-settings=\"{&quot;_position&quot;:&quot;absolute&quot;}\" data-widget_type=\"image.default\">\n\t\t\t\t\t\t\t\t\t\t\t\t\t\t\t<img decoding=\"async\" src=\"https:\/\/congresomsp.com\/wp-content\/uploads\/2026\/03\/Congreso-MSP-Bolas.png\" title=\"Congreso MSP &#8211; Bolas\" alt=\"Congreso MSP - Bolas\" loading=\"lazy\" \/>\t\t\t\t\t\t\t\t\t\t\t\t\t\t\t<\/div>\n\t\t\t\t<\/div>\n\t\t\t\t\t<\/div>\n\t\t\t\t<\/div>\n\t\t<div class=\"elementor-element elementor-element-cbce7f4 espsup espinf e-flex e-con-boxed e-con e-parent\" data-id=\"cbce7f4\" data-element_type=\"container\" data-e-type=\"container\" id=\"contenido-legal\">\n\t\t\t\t\t<div class=\"e-con-inner\">\n\t\t\t\t<div class=\"elementor-element elementor-element-68171c5 elementor-widget elementor-widget-text-editor\" data-id=\"68171c5\" data-element_type=\"widget\" data-e-type=\"widget\" data-widget_type=\"text-editor.default\">\n\t\t\t\t\t\t\t\t\t<p>L&#8217;Associaci\u00f3 de D\u00f2nes en el Sector P\u00fablic, titular del website\u202fcongresomsp.com (des d&#8217;ara, \u201cwebsite\u201d), garantisa la protecci\u00f3 de les senyes de car\u00e0cter personal que proporcione l&#8217;usuari en compliment de lo establit en la Llei Org\u00e0nica 3\/2018, de 5 de decembre, de Protecci\u00f3 de Senyes de Car\u00e0cter Personal i Garantia dels Drets Digitals, aixina com lo dispost en i el Reglament (UE) 2016\/679 del Parlament Europeu i del Consell de 27 d&#8217;abril de 2016, relatiu a la protecci\u00f3 de les persones f\u00edsiques pel que fa al tractament de senyes personals i a la lliure circulaci\u00f3 d&#8217;estes senyes i pel que es deroga la Directiva 95\/46\/CE (Reglament general de protecci\u00f3 de senyes, en avant RGPD).<\/p><p>L&#8217;Associaci\u00f3 de D\u00f2nes en el Sector P\u00fablic adopta les mides necess\u00e0ries per a garantisar la seguritat, integritat i confidencialitat de les senyes conforme a lo dispost en les normes pr\u00e8viament citades.<\/p><p>En l&#8217;inscripci\u00f3 al Congr\u00e9s, l&#8217;usuari consentix expressament el tractament de les seues senyes personals per als fins d&#8217;est, organisat per l&#8217;Associaci\u00f3. Aixina mateix, en l&#8217;acceptaci\u00f3 a participar en el Congr\u00e9s com a ponent, moderador\/a, o en una atra condici\u00f3, es consentix el tractament de senyes personals necess\u00e0ries per a possibilitar la citada participaci\u00f3.<\/p><p>L&#8217;usuari manifesta que totes les senyes facilitades per ell s\u00f3n certs i correctes.<\/p><p>L&#8217;usuari podr\u00e0, en qualsevol moment, eixercitar els drets que existixen en mat\u00e8ria de protecci\u00f3 de senyes enviant un email a:<\/p><p><a href=\"mailto:mujeressectorpublico@gmail.com\">mujeressectorpublico@gmail.com<\/a>\u00a0o\u00a0<a href=\"mailto:dpd@mujeresenelsectorpublico.com\">dpd@mujeresenelsectorpublico.com<\/a>.<\/p><h2>1. Qui \u00e9s el responsable de tractament de les seues dades?<\/h2><ul><li>Identitat: Associaci\u00f3 de Dones en el Sector P\u00fablic<\/li><li>Adre\u00e7a postal:\u00a0Rua\u00a0Herrero, 19- 36002-Pontevedra<\/li><li>CIF: G94176740<\/li><li>Correu electr\u00f2nic:\u202f<a href=\"*mailto:mujeressectorpublico@gmail.com\">mujeressectorpublico@gmail.com<\/a>.<\/li><li>DPD:\u00a0dpd@mujeresenelsectorpublico.com<\/li><\/ul><h2>2. Amb quines finalitats s\u00f3n recaptats les dades?<\/h2><ul><li>La inscripci\u00f3\u00a0i participaci\u00f3 en el\u00a0Congr\u00e9s, aix\u00ed com el rebre la informaci\u00f3 relacionada amb el desenrotllament d&#8217;este.<\/li><\/ul><h2>3. Per quant temps conservarem les seues dades?<\/h2><ul><li>El temps de conservaci\u00f3\u00a0de les dades est\u00e0 vinculat a la duraci\u00f3 del tractament\u00a0 necessari per a la celebraci\u00f3 del Congr\u00e9s.<\/li><\/ul><h2>4. Quina \u00e9s la base legal per al tractament de dades?<\/h2><p>El tractament de dades personals que duu a terme Associaci\u00f3 de Dones en el Sector P\u00fablic, a trav\u00e9s del website\u00a0 del Congr\u00e9s, t\u00e9 com a base legal el consentiment\u00a0de l&#8217;usuari.\u00a0 Este consentiment \u00e9s expr\u00e9s, lliure, espec\u00edfic, informat i inequ\u00edvoc.<\/p><p>En la recollida i el tractament de les dades de car\u00e0cter personal s&#8217;han adoptat les mesures de seguretat adequades per a evitar la p\u00e8rdua, l&#8217;acc\u00e9s no autoritzat o la manipulaci\u00f3 de\u00a0dades, d&#8217;acord amb el que s&#8217;establix en el\u00a0RGPD, aix\u00ed com en la Llei org\u00e0nica 3\/2018, de 5 de desembre, de Protecci\u00f3 de Dades de Car\u00e0cter Personal i garantia dels drets digitals.<\/p><p>L&#8217;Associaci\u00f3\u00a0 de Dones en el Sector P\u00fablic es compromet a protegir la informaci\u00f3 confidencial a la qual tinga acc\u00e9s.<\/p><p>L&#8217;usuari\u00a0\u00a0declara\u00a0que \u00e9s major de 14 anys i que,\u00a0per tant,\u00a0posse\u00efx la capacitat legal necess\u00e0ria per a la prestaci\u00f3 del consentiment quan\u00a0al tractament de les seues dades de car\u00e0cter personal.\u00a0Tot aix\u00f2 de conformitat amb el que s&#8217;establix en\u00a0la present\u00a0pol\u00edtica de\u00a0privacitat.<\/p><h2>5. A quins destinataris es comunicaran les teues dades?<\/h2><p><br \/>L&#8217;Associaci\u00f3\u00a0 de Dones en el Sector P\u00fablic\u202fes compromet al fet que,\u00a0les\u00a0dades personals no seran compartits o cedits a tercers sense el consentiment expr\u00e9s dels usuaris.\u202f\u00a0No obstant aix\u00f2, la prestaci\u00f3 d&#8217;uns certs servicis, com l&#8217;edici\u00f3 i distribuci\u00f3 de publicacions, articles, entre altres,\u00a0pot requerir\u00a0la\u00a0transfer\u00e8ncia de dades a tercers.<\/p><p>En cap cas\u00a0la transfer\u00e8ncia d&#8217;eixes dades implicar\u00e0 un \u00fas que excedisca\u00a0del consentiment expressat als fins i condicions\u00a0de la\u00a0present\u00a0pol\u00edtica de privacitat.<\/p><h2>A\u00a0tindre en compte<\/h2><p>L&#8217;Associaci\u00f3\u00a0 de Dones en el Sector P\u00fablic\u202fno es fa responsable de la cessi\u00f3 de dades de tercers que no hagen prestat el seu consentiment ni tinguen coneixement dels continguts de la present cl\u00e0usula, \u00a0sent\u00a0responsable de la cessi\u00f3 de dades personals aquell que els facilita al titular\u00a0 del website..\u00a0<\/p><p>En cas de no facilitar les dades requerides, els servicis de la p\u00e0gina web podran no estar disponibles \u00edntegrament. El fet de no facilitar el correu electr\u00f2nic, requisit per a la subscripci\u00f3 al Congr\u00e9s, o la seua incorrecta transcripci\u00f3, impedir\u00e0\u00a0realitzar les comunicacions que constitu\u00efxen la seua finalitat (al no poder-les rebre l&#8217;usuari). De no facilitar les dades requerides en el formulari de contacte, no es podran dur a terme de manera satisfact\u00f2ria els servicis sol\u00b7licitats. La negativa\u00a0a acceptar la pol\u00edtica de cookies podr\u00e0\u00a0suposar la p\u00e8rdua de funcionalitats de la p\u00e0gina web.<\/p><p>Els usuaris poden presentar una reclamaci\u00f3 davant l&#8217;Autoritat de Control en mat\u00e8ria de Protecci\u00f3 de Dades competent quan no estiguen satisfets amb l&#8217;exercici dels seus drets. Per a aix\u00f2 poden dirigir-se a l&#8217;Ag\u00e8ncia Nacional de Protecci\u00f3 de dades, situada al carrer Jorge Juan, 6, 28001 Madrid. https:\/\/www.aepd.es.<\/p><p>El consentiment expr\u00e9s manifestat en emplenar el formulari d&#8217;inscripci\u00f3\u00a0\u00a0compr\u00e9n tamb\u00e9 el seg\u00fcent:<\/p><ul><li>Que l&#8217;Associaci\u00f3\u00a0 de Dones en el Sector P\u00fablic es reserva el dret a subcontractar a empleats per a la prestaci\u00f3 de servicis de diversa \u00edndole,\u00a0per al convenient desenrotllament i organitzaci\u00f3 de l&#8217;activitat del website.<\/li><li>De la mateixa manera,\u00a0l&#8217;Associaci\u00f3\u00a0es reserva el dret a contractar tercers per al tractament i\u00a0la\u00a0gesti\u00f3 de les q\u00fcestions d&#8217;\u00e0mbit legislatiu en general i,\u00a0en concret, per al\u00a0relatiu a protecci\u00f3 de dades\u00a0de car\u00e0cter personal. En tots estos casos,\u00a0l&#8217;Associaci\u00f3\u00a0 de Dones en el Sector P\u00fablic\u00a0obligar\u00e0 a l&#8217;empresa contractada i\/o professional, aix\u00ed com\u00a0als encarregats de la gesti\u00f3 del tractament de les dades personals cedides, a firmar un document de confidencialitat de dades personals, amb la finalitat d&#8217;assegurar\u00a0 la privacitat d&#8217;esta informaci\u00f3.<\/li><li>L&#8217;usuari consent en\u00a0la cessi\u00f3 de\u00a0les seues dades personals quan aix\u00ed siga requerit per les\u00a0autoritats administratives\u00a0o\u00a0judicials.<\/li><\/ul><p>L&#8217;usuari\u00a0 autoritza\u00a0el tractament de les dades personals cedides a\u00a0l&#8217;Associaci\u00f3\u00a0 de Dones en el Sector P\u00fablic en els termes establits en la present cl\u00e0usula.<\/p>\t\t\t\t\t\t\t\t<\/div>\n\t\t\t\t\t<\/div>\n\t\t\t\t<\/div>\n\t\t\t\t<\/div>\n\t\t","protected":false},"excerpt":{"rendered":"<p>VIII Congr\u00e9s de les Dones en el Sector P\u00fablic L&#8217;Associaci\u00f3 de D\u00f2nes en el Sector P\u00fablic, titular del website\u202fcongresomsp.com (des [&hellip;]<\/p>\n","protected":false},"author":1,"featured_media":0,"parent":0,"menu_order":0,"comment_status":"closed","ping_status":"closed","template":"elementor_header_footer","meta":{"site-sidebar-layout":"no-sidebar","site-content-layout":"","ast-site-content-layout":"full-width-container","site-content-style":"default","site-sidebar-style":"default","ast-global-header-display":"","ast-banner-title-visibility":"","ast-main-header-display":"","ast-hfb-above-header-display":"","ast-hfb-below-header-display":"","ast-hfb-mobile-header-display":"","site-post-title":"","ast-breadcrumbs-content":"","ast-featured-img":"disabled","footer-sml-layout":"","ast-disable-related-posts":"","theme-transparent-header-meta":"default","adv-header-id-meta":"","stick-header-meta":"default","header-above-stick-meta":"","header-main-stick-meta":"","header-below-stick-meta":"","astra-migrate-meta-layouts":"set","ast-page-background-enabled":"default","ast-page-background-meta":{"desktop":{"background-color":"var(--ast-global-color-5)","background-image":"","background-repeat":"repeat","background-position":"center center","background-size":"auto","background-attachment":"scroll","background-type":"","background-media":"","overlay-type":"","overlay-color":"","overlay-opacity":"","overlay-gradient":""},"tablet":{"background-color":"","background-image":"","background-repeat":"repeat","background-position":"center center","background-size":"auto","background-attachment":"scroll","background-type":"","background-media":"","overlay-type":"","overlay-color":"","overlay-opacity":"","overlay-gradient":""},"mobile":{"background-color":"","background-image":"","background-repeat":"repeat","background-position":"center center","background-size":"auto","background-attachment":"scroll","background-type":"","background-media":"","overlay-type":"","overlay-color":"","overlay-opacity":"","overlay-gradient":""}},"ast-content-background-meta":{"desktop":{"background-color":"var(--ast-global-color-4)","background-image":"","background-repeat":"repeat","background-position":"center center","background-size":"auto","background-attachment":"scroll","background-type":"","background-media":"","overlay-type":"","overlay-color":"","overlay-opacity":"","overlay-gradient":""},"tablet":{"background-color":"var(--ast-global-color-4)","background-image":"","background-repeat":"repeat","background-position":"center center","background-size":"auto","background-attachment":"scroll","background-type":"","background-media":"","overlay-type":"","overlay-color":"","overlay-opacity":"","overlay-gradient":""},"mobile":{"background-color":"var(--ast-global-color-4)","background-image":"","background-repeat":"repeat","background-position":"center center","background-size":"auto","background-attachment":"scroll","background-type":"","background-media":"","overlay-type":"","overlay-color":"","overlay-opacity":"","overlay-gradient":""}},"footnotes":""},"class_list":["post-730","page","type-page","status-publish","hentry"],"_links":{"self":[{"href":"https:\/\/congresomsp.com\/va\/wp-json\/wp\/v2\/pages\/730","targetHints":{"allow":["GET"]}}],"collection":[{"href":"https:\/\/congresomsp.com\/va\/wp-json\/wp\/v2\/pages"}],"about":[{"href":"https:\/\/congresomsp.com\/va\/wp-json\/wp\/v2\/types\/page"}],"author":[{"embeddable":true,"href":"https:\/\/congresomsp.com\/va\/wp-json\/wp\/v2\/users\/1"}],"replies":[{"embeddable":true,"href":"https:\/\/congresomsp.com\/va\/wp-json\/wp\/v2\/comments?post=730"}],"version-history":[{"count":7,"href":"https:\/\/congresomsp.com\/va\/wp-json\/wp\/v2\/pages\/730\/revisions"}],"predecessor-version":[{"id":2499,"href":"https:\/\/congresomsp.com\/va\/wp-json\/wp\/v2\/pages\/730\/revisions\/2499"}],"wp:attachment":[{"href":"https:\/\/congresomsp.com\/va\/wp-json\/wp\/v2\/media?parent=730"}],"curies":[{"name":"wp","href":"https:\/\/api.w.org\/{rel}","templated":true}]}}